{"id":543936,"date":"2024-11-07T03:19:49","date_gmt":"2024-11-07T02:19:49","guid":{"rendered":"https:\/\/tilefly.com\/producto\/picket-contemporary-bluestone-6x26\/"},"modified":"2024-11-10T20:00:37","modified_gmt":"2024-11-10T19:00:37","slug":"picket-contemporary-bluestone-6x26","status":"publish","type":"product","link":"https:\/\/tilefly.com\/fr\/produit\/picket-contemporary-bluestone-6x26\/","title":{"rendered":"PICKET CONTEMPORARY BLUESTONE 6X26"},"content":{"rendered":"<h2><strong>PIQUET CONTEMPORAIN PIERRE BLEUE 6X26<\/strong><\/h2><p>D&#8217;un bleu profond, Picket Contemporary Bluestone 6&#215;26 pr\u00e9sente un design en pointe, id\u00e9al pour cr\u00e9er des motifs imbriqu\u00e9s. Sa finition mate et ses propri\u00e9t\u00e9s antid\u00e9rapantes en font une pi\u00e8ce fonctionnelle et \u00e9l\u00e9gante, parfaite pour ceux qui souhaitent apporter une touche audacieuse et contemporaine \u00e0 leur d\u00e9cor. <\/p>","protected":false},"excerpt":{"rendered":"<p>PIQUET CONTEMPORAIN PIERRE BLEUE 6X26D&#8217;un bleu profond, Picket Contemporary Bluestone 6&#215;26 pr\u00e9sente un design en pointe, id\u00e9al pour cr\u00e9er des motifs imbriqu\u00e9s. Sa finition mate et ses propri\u00e9t\u00e9s antid\u00e9rapantes en font une pi\u00e8ce fonctionnelle et \u00e9l\u00e9gante, parfaite pour ceux qui souhaitent apporter une touche audacieuse et contemporaine \u00e0 leur d\u00e9cor.<\/p>\n","protected":false},"featured_media":540560,"comment_status":"open","ping_status":"closed","template":"","meta":[],"product_brand":[],"product_cat":[353,355,356,354],"product_tag":[],"class_list":{"0":"post-543936","1":"product","2":"type-product","3":"status-publish","4":"has-post-thumbnail","6":"product_cat-carrelage","7":"product_cat-cuisines","8":"product_cat-faiences","9":"product_cat-carrelage-salle-de-bain","11":"first","12":"instock","13":"shipping-taxable","14":"purchasable","15":"product-type-simple"},"_links":{"self":[{"href":"https:\/\/tilefly.com\/fr\/wp-json\/wp\/v2\/product\/543936","targetHints":{"allow":["GET"]}}],"collection":[{"href":"https:\/\/tilefly.com\/fr\/wp-json\/wp\/v2\/product"}],"about":[{"href":"https:\/\/tilefly.com\/fr\/wp-json\/wp\/v2\/types\/product"}],"replies":[{"embeddable":true,"href":"https:\/\/tilefly.com\/fr\/wp-json\/wp\/v2\/comments?post=543936"}],"wp:featuredmedia":[{"embeddable":true,"href":"https:\/\/tilefly.com\/fr\/wp-json\/wp\/v2\/media\/540560"}],"wp:attachment":[{"href":"https:\/\/tilefly.com\/fr\/wp-json\/wp\/v2\/media?parent=543936"}],"wp:term":[{"taxonomy":"product_brand","embeddable":true,"href":"https:\/\/tilefly.com\/fr\/wp-json\/wp\/v2\/product_brand?post=543936"},{"taxonomy":"product_cat","embeddable":true,"href":"https:\/\/tilefly.com\/fr\/wp-json\/wp\/v2\/product_cat?post=543936"},{"taxonomy":"product_tag","embeddable":true,"href":"https:\/\/tilefly.com\/fr\/wp-json\/wp\/v2\/product_tag?post=543936"}],"curies":[{"name":"wp","href":"https:\/\/api.w.org\/{rel}","templated":true}]}}