{"id":543933,"date":"2024-11-07T03:19:45","date_gmt":"2024-11-10T18:59:53","guid":{"rendered":"https:\/\/tilefly.com\/producto\/picket-contemporary-mineral-grey-6x26\/"},"modified":"2024-11-10T19:59:53","modified_gmt":"2024-11-10T18:59:53","slug":"picket-contemporary-mineral-grey-6x26","status":"publish","type":"product","link":"https:\/\/tilefly.com\/fr\/produit\/picket-contemporary-mineral-grey-6x26\/","title":{"rendered":"PICKET CONTEMPORARY MINERAL GREY 6X26"},"content":{"rendered":"<h2><strong>PIQUET CONTEMPORAIN GRIS MIN\u00c9RAL 6X26<\/strong><\/h2><p>La tuile contemporaine Picket gris min\u00e9ral 6&#215;26 dans un ton gris \u00e9l\u00e9gant d\u00e9fie le design conventionnel avec son format \u00e0 pics. Cette conception permet de cr\u00e9er des motifs modernes et imbriqu\u00e9s. Avec sa finition mate et sa surface antid\u00e9rapante, il est parfait pour les espaces qui recherchent une esth\u00e9tique contemporaine et assur\u00e9e.  <\/p>","protected":false},"excerpt":{"rendered":"<p>PIQUET CONTEMPORAIN GRIS MIN\u00c9RAL 6X26La tuile contemporaine Picket gris min\u00e9ral 6&#215;26 dans un ton gris \u00e9l\u00e9gant d\u00e9fie le design conventionnel avec son format \u00e0 pics. Cette conception permet de cr\u00e9er des motifs modernes et imbriqu\u00e9s. Avec sa finition mate et sa surface antid\u00e9rapante, il est parfait pour les espaces qui recherchent une esth\u00e9tique contemporaine et [&hellip;]<\/p>\n","protected":false},"featured_media":540547,"comment_status":"open","ping_status":"closed","template":"","meta":[],"product_brand":[],"product_cat":[353,355,356,354],"product_tag":[],"class_list":{"0":"post-543933","1":"product","2":"type-product","3":"status-publish","4":"has-post-thumbnail","6":"product_cat-carrelage","7":"product_cat-cuisines","8":"product_cat-faiences","9":"product_cat-carrelage-salle-de-bain","11":"first","12":"outofstock","13":"shipping-taxable","14":"purchasable","15":"product-type-simple"},"_links":{"self":[{"href":"https:\/\/tilefly.com\/fr\/wp-json\/wp\/v2\/product\/543933","targetHints":{"allow":["GET"]}}],"collection":[{"href":"https:\/\/tilefly.com\/fr\/wp-json\/wp\/v2\/product"}],"about":[{"href":"https:\/\/tilefly.com\/fr\/wp-json\/wp\/v2\/types\/product"}],"replies":[{"embeddable":true,"href":"https:\/\/tilefly.com\/fr\/wp-json\/wp\/v2\/comments?post=543933"}],"wp:featuredmedia":[{"embeddable":true,"href":"https:\/\/tilefly.com\/fr\/wp-json\/wp\/v2\/media\/540547"}],"wp:attachment":[{"href":"https:\/\/tilefly.com\/fr\/wp-json\/wp\/v2\/media?parent=543933"}],"wp:term":[{"taxonomy":"product_brand","embeddable":true,"href":"https:\/\/tilefly.com\/fr\/wp-json\/wp\/v2\/product_brand?post=543933"},{"taxonomy":"product_cat","embeddable":true,"href":"https:\/\/tilefly.com\/fr\/wp-json\/wp\/v2\/product_cat?post=543933"},{"taxonomy":"product_tag","embeddable":true,"href":"https:\/\/tilefly.com\/fr\/wp-json\/wp\/v2\/product_tag?post=543933"}],"curies":[{"name":"wp","href":"https:\/\/api.w.org\/{rel}","templated":true}]}}