{"id":543924,"date":"2024-11-07T03:19:36","date_gmt":"2024-11-07T02:19:36","guid":{"rendered":"https:\/\/tilefly.com\/producto\/picket-contemporary-rose-quartz-6x26\/"},"modified":"2024-11-10T19:59:40","modified_gmt":"2024-11-10T18:59:40","slug":"picket-contemporary-rose-quartz-6x26","status":"publish","type":"product","link":"https:\/\/tilefly.com\/fr\/produit\/picket-contemporary-rose-quartz-6x26\/","title":{"rendered":"PICKET CONTEMPORARY ROSE QUARTZ 6X26"},"content":{"rendered":"<h2><strong>PIQUET CONTEMPORAIN QUARTZ ROSE 6X26<\/strong><\/h2><p>Picket Contemporary Rose Quartz 6&#215;26, avec son ton rose tendre, allie d\u00e9licatesse et modernit\u00e9. Sa forme unique en pointe permet une installation dynamique, id\u00e9ale pour cr\u00e9er des motifs imbriqu\u00e9s qui ajoutent de l&#8217;int\u00e9r\u00eat visuel. Ce carreau mat et antid\u00e9rapant est parfait pour les espaces qui souhaitent une touche \u00e0 la fois romantique et audacieuse.  <\/p>","protected":false},"excerpt":{"rendered":"<p>PIQUET CONTEMPORAIN QUARTZ ROSE 6X26Picket Contemporary Rose Quartz 6&#215;26, avec son ton rose tendre, allie d\u00e9licatesse et modernit\u00e9. Sa forme unique en pointe permet une installation dynamique, id\u00e9ale pour cr\u00e9er des motifs imbriqu\u00e9s qui ajoutent de l&#8217;int\u00e9r\u00eat visuel. Ce carreau mat et antid\u00e9rapant est parfait pour les espaces qui souhaitent une touche \u00e0 la fois [&hellip;]<\/p>\n","protected":false},"featured_media":540508,"comment_status":"open","ping_status":"closed","template":"","meta":[],"product_brand":[],"product_cat":[353,355,356,354],"product_tag":[],"class_list":{"0":"post-543924","1":"product","2":"type-product","3":"status-publish","4":"has-post-thumbnail","6":"product_cat-carrelage","7":"product_cat-cuisines","8":"product_cat-faiences","9":"product_cat-carrelage-salle-de-bain","11":"first","12":"instock","13":"shipping-taxable","14":"purchasable","15":"product-type-simple"},"_links":{"self":[{"href":"https:\/\/tilefly.com\/fr\/wp-json\/wp\/v2\/product\/543924","targetHints":{"allow":["GET"]}}],"collection":[{"href":"https:\/\/tilefly.com\/fr\/wp-json\/wp\/v2\/product"}],"about":[{"href":"https:\/\/tilefly.com\/fr\/wp-json\/wp\/v2\/types\/product"}],"replies":[{"embeddable":true,"href":"https:\/\/tilefly.com\/fr\/wp-json\/wp\/v2\/comments?post=543924"}],"wp:featuredmedia":[{"embeddable":true,"href":"https:\/\/tilefly.com\/fr\/wp-json\/wp\/v2\/media\/540508"}],"wp:attachment":[{"href":"https:\/\/tilefly.com\/fr\/wp-json\/wp\/v2\/media?parent=543924"}],"wp:term":[{"taxonomy":"product_brand","embeddable":true,"href":"https:\/\/tilefly.com\/fr\/wp-json\/wp\/v2\/product_brand?post=543924"},{"taxonomy":"product_cat","embeddable":true,"href":"https:\/\/tilefly.com\/fr\/wp-json\/wp\/v2\/product_cat?post=543924"},{"taxonomy":"product_tag","embeddable":true,"href":"https:\/\/tilefly.com\/fr\/wp-json\/wp\/v2\/product_tag?post=543924"}],"curies":[{"name":"wp","href":"https:\/\/api.w.org\/{rel}","templated":true}]}}