{"id":543911,"date":"2024-11-07T03:19:22","date_gmt":"2024-11-07T02:19:22","guid":{"rendered":"https:\/\/tilefly.com\/producto\/nelly-ash-rose-15x15\/"},"modified":"2024-11-10T19:58:53","modified_gmt":"2024-11-10T18:58:53","slug":"nelly-ash-rose-15x15","status":"publish","type":"product","link":"https:\/\/tilefly.com\/fr\/produit\/nelly-ash-rose-15x15\/","title":{"rendered":"NELLY ASH ROSE 15X15"},"content":{"rendered":"<h2><strong>NELLY ASH ROSE 15X15<\/strong><\/h2><p>Nelly Ash Rose 15&#215;15, avec son ton rose cendr\u00e9, apporte une sophistication et une touche contemporaine. La rayure centrale de cette pi\u00e8ce lui conf\u00e8re une touche sp\u00e9ciale qui se d\u00e9marque dans n&#8217;importe quel environnement. Ce design mat et d\u00e9cor\u00e9 est parfait pour ceux qui recherchent une esth\u00e9tique audacieuse et moderne dans leurs projets.  <\/p>","protected":false},"excerpt":{"rendered":"<p>NELLY ASH ROSE 15X15Nelly Ash Rose 15&#215;15, avec son ton rose cendr\u00e9, apporte une sophistication et une touche contemporaine. La rayure centrale de cette pi\u00e8ce lui conf\u00e8re une touche sp\u00e9ciale qui se d\u00e9marque dans n&#8217;importe quel environnement. Ce design mat et d\u00e9cor\u00e9 est parfait pour ceux qui recherchent une esth\u00e9tique audacieuse et moderne dans leurs [&hellip;]<\/p>\n","protected":false},"featured_media":540456,"comment_status":"open","ping_status":"closed","template":"","meta":[],"product_brand":[],"product_cat":[353,355,356,354],"product_tag":[],"class_list":{"0":"post-543911","1":"product","2":"type-product","3":"status-publish","4":"has-post-thumbnail","6":"product_cat-carrelage","7":"product_cat-cuisines","8":"product_cat-faiences","9":"product_cat-carrelage-salle-de-bain","11":"first","12":"instock","13":"shipping-taxable","14":"purchasable","15":"product-type-simple"},"_links":{"self":[{"href":"https:\/\/tilefly.com\/fr\/wp-json\/wp\/v2\/product\/543911","targetHints":{"allow":["GET"]}}],"collection":[{"href":"https:\/\/tilefly.com\/fr\/wp-json\/wp\/v2\/product"}],"about":[{"href":"https:\/\/tilefly.com\/fr\/wp-json\/wp\/v2\/types\/product"}],"replies":[{"embeddable":true,"href":"https:\/\/tilefly.com\/fr\/wp-json\/wp\/v2\/comments?post=543911"}],"wp:featuredmedia":[{"embeddable":true,"href":"https:\/\/tilefly.com\/fr\/wp-json\/wp\/v2\/media\/540456"}],"wp:attachment":[{"href":"https:\/\/tilefly.com\/fr\/wp-json\/wp\/v2\/media?parent=543911"}],"wp:term":[{"taxonomy":"product_brand","embeddable":true,"href":"https:\/\/tilefly.com\/fr\/wp-json\/wp\/v2\/product_brand?post=543911"},{"taxonomy":"product_cat","embeddable":true,"href":"https:\/\/tilefly.com\/fr\/wp-json\/wp\/v2\/product_cat?post=543911"},{"taxonomy":"product_tag","embeddable":true,"href":"https:\/\/tilefly.com\/fr\/wp-json\/wp\/v2\/product_tag?post=543911"}],"curies":[{"name":"wp","href":"https:\/\/api.w.org\/{rel}","templated":true}]}}