{"id":543909,"date":"2024-11-07T03:19:16","date_gmt":"2024-11-07T02:19:16","guid":{"rendered":"https:\/\/tilefly.com\/producto\/nelly-mineral-grey-15x15\/"},"modified":"2024-11-10T19:58:50","modified_gmt":"2024-11-10T18:58:50","slug":"nelly-mineral-grey-15x15","status":"publish","type":"product","link":"https:\/\/tilefly.com\/fr\/produit\/nelly-mineral-grey-15x15\/","title":{"rendered":"NELLY MINERAL GREY 15X15"},"content":{"rendered":"<h2><strong>NELLY GRIS MIN\u00c9RAL 15X15<\/strong><\/h2><p>Nelly Mineral Grey 15&#215;15, dans un ton gris doux, allie l&#8217;\u00e9l\u00e9gance de la simplicit\u00e9 \u00e0 un design moderne. La bande centrale de cette pi\u00e8ce d\u00e9cor\u00e9e mate ajoute une touche contemporaine et \u00e9l\u00e9gante, id\u00e9ale pour ceux qui souhaitent un espace sophistiqu\u00e9 sans faire de compromis sur la fonctionnalit\u00e9. Parfait pour m\u00e9langer et assortir avec d&#8217;autres pi\u00e8ces de la s\u00e9rie Contemporary.  <\/p>","protected":false},"excerpt":{"rendered":"<p>NELLY GRIS MIN\u00c9RAL 15X15Nelly Mineral Grey 15&#215;15, dans un ton gris doux, allie l&#8217;\u00e9l\u00e9gance de la simplicit\u00e9 \u00e0 un design moderne. La bande centrale de cette pi\u00e8ce d\u00e9cor\u00e9e mate ajoute une touche contemporaine et \u00e9l\u00e9gante, id\u00e9ale pour ceux qui souhaitent un espace sophistiqu\u00e9 sans faire de compromis sur la fonctionnalit\u00e9. Parfait pour m\u00e9langer et assortir [&hellip;]<\/p>\n","protected":false},"featured_media":540430,"comment_status":"open","ping_status":"closed","template":"","meta":[],"product_brand":[],"product_cat":[353,355,356,354],"product_tag":[],"class_list":{"0":"post-543909","1":"product","2":"type-product","3":"status-publish","4":"has-post-thumbnail","6":"product_cat-carrelage","7":"product_cat-cuisines","8":"product_cat-faiences","9":"product_cat-carrelage-salle-de-bain","11":"first","12":"instock","13":"shipping-taxable","14":"purchasable","15":"product-type-simple"},"_links":{"self":[{"href":"https:\/\/tilefly.com\/fr\/wp-json\/wp\/v2\/product\/543909","targetHints":{"allow":["GET"]}}],"collection":[{"href":"https:\/\/tilefly.com\/fr\/wp-json\/wp\/v2\/product"}],"about":[{"href":"https:\/\/tilefly.com\/fr\/wp-json\/wp\/v2\/types\/product"}],"replies":[{"embeddable":true,"href":"https:\/\/tilefly.com\/fr\/wp-json\/wp\/v2\/comments?post=543909"}],"wp:featuredmedia":[{"embeddable":true,"href":"https:\/\/tilefly.com\/fr\/wp-json\/wp\/v2\/media\/540430"}],"wp:attachment":[{"href":"https:\/\/tilefly.com\/fr\/wp-json\/wp\/v2\/media?parent=543909"}],"wp:term":[{"taxonomy":"product_brand","embeddable":true,"href":"https:\/\/tilefly.com\/fr\/wp-json\/wp\/v2\/product_brand?post=543909"},{"taxonomy":"product_cat","embeddable":true,"href":"https:\/\/tilefly.com\/fr\/wp-json\/wp\/v2\/product_cat?post=543909"},{"taxonomy":"product_tag","embeddable":true,"href":"https:\/\/tilefly.com\/fr\/wp-json\/wp\/v2\/product_tag?post=543909"}],"curies":[{"name":"wp","href":"https:\/\/api.w.org\/{rel}","templated":true}]}}