{"id":543901,"date":"2024-11-07T03:19:05","date_gmt":"2024-11-07T02:19:05","guid":{"rendered":"https:\/\/tilefly.com\/producto\/nelly-coconut-milk-15x15\/"},"modified":"2024-11-10T19:57:47","modified_gmt":"2024-11-10T18:57:47","slug":"nelly-coconut-milk-15x15","status":"publish","type":"product","link":"https:\/\/tilefly.com\/fr\/produit\/nelly-coconut-milk-15x15\/","title":{"rendered":"NELLY COCONUT MILK 15X15"},"content":{"rendered":"<h2><strong>NELLY LAIT DE COCO 15X15<\/strong><\/h2><p>Le carrelage beige Nelly Coconut Milk 15&#215;15 allie simplicit\u00e9 et modernit\u00e9 avec sa bande centrale \u00e9pur\u00e9e pour un rendu contemporain. Ce carrelage d\u00e9cor\u00e9 et mat est parfait pour les espaces recherchant une esth\u00e9tique subtile et distinctive. Id\u00e9al pour \u00eatre associ\u00e9 \u00e0 d&#8217;autres pi\u00e8ces de la s\u00e9rie Contemporary, il offre polyvalence et style dans n&#8217;importe quel environnement.  <\/p>","protected":false},"excerpt":{"rendered":"<p>NELLY LAIT DE COCO 15X15Le carrelage beige Nelly Coconut Milk 15&#215;15 allie simplicit\u00e9 et modernit\u00e9 avec sa bande centrale \u00e9pur\u00e9e pour un rendu contemporain. Ce carrelage d\u00e9cor\u00e9 et mat est parfait pour les espaces recherchant une esth\u00e9tique subtile et distinctive. Id\u00e9al pour \u00eatre associ\u00e9 \u00e0 d&#8217;autres pi\u00e8ces de la s\u00e9rie Contemporary, il offre polyvalence et [&hellip;]<\/p>\n","protected":false},"featured_media":540391,"comment_status":"open","ping_status":"closed","template":"","meta":[],"product_brand":[],"product_cat":[353,355,356,354],"product_tag":[],"class_list":{"0":"post-543901","1":"product","2":"type-product","3":"status-publish","4":"has-post-thumbnail","6":"product_cat-carrelage","7":"product_cat-cuisines","8":"product_cat-faiences","9":"product_cat-carrelage-salle-de-bain","11":"first","12":"instock","13":"shipping-taxable","14":"purchasable","15":"product-type-simple"},"_links":{"self":[{"href":"https:\/\/tilefly.com\/fr\/wp-json\/wp\/v2\/product\/543901","targetHints":{"allow":["GET"]}}],"collection":[{"href":"https:\/\/tilefly.com\/fr\/wp-json\/wp\/v2\/product"}],"about":[{"href":"https:\/\/tilefly.com\/fr\/wp-json\/wp\/v2\/types\/product"}],"replies":[{"embeddable":true,"href":"https:\/\/tilefly.com\/fr\/wp-json\/wp\/v2\/comments?post=543901"}],"wp:featuredmedia":[{"embeddable":true,"href":"https:\/\/tilefly.com\/fr\/wp-json\/wp\/v2\/media\/540391"}],"wp:attachment":[{"href":"https:\/\/tilefly.com\/fr\/wp-json\/wp\/v2\/media?parent=543901"}],"wp:term":[{"taxonomy":"product_brand","embeddable":true,"href":"https:\/\/tilefly.com\/fr\/wp-json\/wp\/v2\/product_brand?post=543901"},{"taxonomy":"product_cat","embeddable":true,"href":"https:\/\/tilefly.com\/fr\/wp-json\/wp\/v2\/product_cat?post=543901"},{"taxonomy":"product_tag","embeddable":true,"href":"https:\/\/tilefly.com\/fr\/wp-json\/wp\/v2\/product_tag?post=543901"}],"curies":[{"name":"wp","href":"https:\/\/api.w.org\/{rel}","templated":true}]}}