{"id":543897,"date":"2024-11-07T03:19:09","date_gmt":"2024-11-07T02:19:09","guid":{"rendered":"https:\/\/tilefly.com\/producto\/nelly-bluestone-15x15\/"},"modified":"2024-11-10T19:57:43","modified_gmt":"2024-11-10T18:57:43","slug":"nelly-bluestone-15x15","status":"publish","type":"product","link":"https:\/\/tilefly.com\/fr\/produit\/nelly-bluestone-15x15\/","title":{"rendered":"NELLY BLUESTONE 15X15"},"content":{"rendered":"<h2><strong>NELLY BLUESTONE 15X15<\/strong><\/h2><p>Nelly Bluestone 15&#215;15 en ton bleu se distingue par sa bande centrale qui apporte une note audacieuse et moderne. Ce carreau d\u00e9cor\u00e9 et mat est id\u00e9al pour les espaces audacieux qui cherchent \u00e0 rompre avec la tradition de la d\u00e9coration d&#8217;int\u00e9rieur. Son format compact et son style contemporain permettent de cr\u00e9er des environnements uniques et sophistiqu\u00e9s.  <\/p>","protected":false},"excerpt":{"rendered":"<p>NELLY BLUESTONE 15X15Nelly Bluestone 15&#215;15 en ton bleu se distingue par sa bande centrale qui apporte une note audacieuse et moderne. Ce carreau d\u00e9cor\u00e9 et mat est id\u00e9al pour les espaces audacieux qui cherchent \u00e0 rompre avec la tradition de la d\u00e9coration d&#8217;int\u00e9rieur. Son format compact et son style contemporain permettent de cr\u00e9er des environnements [&hellip;]<\/p>\n","protected":false},"featured_media":540404,"comment_status":"open","ping_status":"closed","template":"","meta":[],"product_brand":[],"product_cat":[353,355,356,354],"product_tag":[],"class_list":{"0":"post-543897","1":"product","2":"type-product","3":"status-publish","4":"has-post-thumbnail","6":"product_cat-carrelage","7":"product_cat-cuisines","8":"product_cat-faiences","9":"product_cat-carrelage-salle-de-bain","11":"first","12":"instock","13":"shipping-taxable","14":"purchasable","15":"product-type-simple"},"_links":{"self":[{"href":"https:\/\/tilefly.com\/fr\/wp-json\/wp\/v2\/product\/543897","targetHints":{"allow":["GET"]}}],"collection":[{"href":"https:\/\/tilefly.com\/fr\/wp-json\/wp\/v2\/product"}],"about":[{"href":"https:\/\/tilefly.com\/fr\/wp-json\/wp\/v2\/types\/product"}],"replies":[{"embeddable":true,"href":"https:\/\/tilefly.com\/fr\/wp-json\/wp\/v2\/comments?post=543897"}],"wp:featuredmedia":[{"embeddable":true,"href":"https:\/\/tilefly.com\/fr\/wp-json\/wp\/v2\/media\/540404"}],"wp:attachment":[{"href":"https:\/\/tilefly.com\/fr\/wp-json\/wp\/v2\/media?parent=543897"}],"wp:term":[{"taxonomy":"product_brand","embeddable":true,"href":"https:\/\/tilefly.com\/fr\/wp-json\/wp\/v2\/product_brand?post=543897"},{"taxonomy":"product_cat","embeddable":true,"href":"https:\/\/tilefly.com\/fr\/wp-json\/wp\/v2\/product_cat?post=543897"},{"taxonomy":"product_tag","embeddable":true,"href":"https:\/\/tilefly.com\/fr\/wp-json\/wp\/v2\/product_tag?post=543897"}],"curies":[{"name":"wp","href":"https:\/\/api.w.org\/{rel}","templated":true}]}}