{"id":543894,"date":"2024-11-07T03:19:02","date_gmt":"2024-11-07T02:19:02","guid":{"rendered":"https:\/\/tilefly.com\/producto\/contemporary-obsidian-15x15\/"},"modified":"2024-11-10T19:57:39","modified_gmt":"2024-11-10T18:57:39","slug":"contemporary-obsidian-15x15","status":"publish","type":"product","link":"https:\/\/tilefly.com\/fr\/produit\/contemporary-obsidian-15x15\/","title":{"rendered":"CONTEMPORARY OBSIDIAN 15X15"},"content":{"rendered":"<h2><strong>OBSIDIENNE CONTEMPORAINE 15X15<\/strong><\/h2><p>Contemporary Obsidian 15&#215;15, dans sa teinte gris fonc\u00e9, offre un look audacieux et sophistiqu\u00e9. Avec une finition mate et des propri\u00e9t\u00e9s antid\u00e9rapantes, ce carreau de porcelaine d\u00e9cor\u00e9 est parfait pour ceux qui recherchent une esth\u00e9tique moderne et confiante. Sa polyvalence lui permet d&#8217;\u00eatre facilement associ\u00e9 \u00e0 d&#8217;autres produits, refl\u00e9tant ainsi l&#8217;essence de &#8220;The Perfect Mix&#8221; dans chaque projet.  <\/p>","protected":false},"excerpt":{"rendered":"<p>OBSIDIENNE CONTEMPORAINE 15X15Contemporary Obsidian 15&#215;15, dans sa teinte gris fonc\u00e9, offre un look audacieux et sophistiqu\u00e9. Avec une finition mate et des propri\u00e9t\u00e9s antid\u00e9rapantes, ce carreau de porcelaine d\u00e9cor\u00e9 est parfait pour ceux qui recherchent une esth\u00e9tique moderne et confiante. Sa polyvalence lui permet d&#8217;\u00eatre facilement associ\u00e9 \u00e0 d&#8217;autres produits, refl\u00e9tant ainsi l&#8217;essence de &#8220;The [&hellip;]<\/p>\n","protected":false},"featured_media":540378,"comment_status":"open","ping_status":"closed","template":"","meta":[],"product_brand":[],"product_cat":[353,355,356,354],"product_tag":[],"class_list":{"0":"post-543894","1":"product","2":"type-product","3":"status-publish","4":"has-post-thumbnail","6":"product_cat-carrelage","7":"product_cat-cuisines","8":"product_cat-faiences","9":"product_cat-carrelage-salle-de-bain","11":"first","12":"outofstock","13":"shipping-taxable","14":"purchasable","15":"product-type-simple"},"_links":{"self":[{"href":"https:\/\/tilefly.com\/fr\/wp-json\/wp\/v2\/product\/543894","targetHints":{"allow":["GET"]}}],"collection":[{"href":"https:\/\/tilefly.com\/fr\/wp-json\/wp\/v2\/product"}],"about":[{"href":"https:\/\/tilefly.com\/fr\/wp-json\/wp\/v2\/types\/product"}],"replies":[{"embeddable":true,"href":"https:\/\/tilefly.com\/fr\/wp-json\/wp\/v2\/comments?post=543894"}],"wp:featuredmedia":[{"embeddable":true,"href":"https:\/\/tilefly.com\/fr\/wp-json\/wp\/v2\/media\/540378"}],"wp:attachment":[{"href":"https:\/\/tilefly.com\/fr\/wp-json\/wp\/v2\/media?parent=543894"}],"wp:term":[{"taxonomy":"product_brand","embeddable":true,"href":"https:\/\/tilefly.com\/fr\/wp-json\/wp\/v2\/product_brand?post=543894"},{"taxonomy":"product_cat","embeddable":true,"href":"https:\/\/tilefly.com\/fr\/wp-json\/wp\/v2\/product_cat?post=543894"},{"taxonomy":"product_tag","embeddable":true,"href":"https:\/\/tilefly.com\/fr\/wp-json\/wp\/v2\/product_tag?post=543894"}],"curies":[{"name":"wp","href":"https:\/\/api.w.org\/{rel}","templated":true}]}}