{"id":543881,"date":"2024-11-07T03:18:49","date_gmt":"2024-11-07T02:18:49","guid":{"rendered":"https:\/\/tilefly.com\/producto\/contemporary-mineral-grey-15x15\/"},"modified":"2024-11-10T19:56:57","modified_gmt":"2024-11-10T18:56:57","slug":"contemporary-mineral-grey-15x15","status":"publish","type":"product","link":"https:\/\/tilefly.com\/fr\/produit\/contemporary-mineral-grey-15x15\/","title":{"rendered":"CONTEMPORARY MINERAL GREY 15X15"},"content":{"rendered":"<h2><strong>CONTEMPORAIN GRIS MIN\u00c9RAL 15X15<\/strong><\/h2><p>La collection contemporaine Mineral Grey 15&#215;15, avec son ton gris \u00e9l\u00e9gant, d\u00e9fie les conventions du design classique. Sa finition mate et sa texture antid\u00e9rapante assurent la s\u00e9curit\u00e9 sans sacrifier le style. Ce gr\u00e8s c\u00e9rame d\u00e9cor\u00e9 est une option polyvalente qui s&#8217;adapte \u00e0 toutes les combinaisons, apportant une touche moderne et sophistiqu\u00e9e \u00e0 tous les environnements.  <\/p>","protected":false},"excerpt":{"rendered":"<p>CONTEMPORAIN GRIS MIN\u00c9RAL 15X15La collection contemporaine Mineral Grey 15&#215;15, avec son ton gris \u00e9l\u00e9gant, d\u00e9fie les conventions du design classique. Sa finition mate et sa texture antid\u00e9rapante assurent la s\u00e9curit\u00e9 sans sacrifier le style. Ce gr\u00e8s c\u00e9rame d\u00e9cor\u00e9 est une option polyvalente qui s&#8217;adapte \u00e0 toutes les combinaisons, apportant une touche moderne et sophistiqu\u00e9e \u00e0 [&hellip;]<\/p>\n","protected":false},"featured_media":540326,"comment_status":"open","ping_status":"closed","template":"","meta":[],"product_brand":[],"product_cat":[353,355,356,354],"product_tag":[],"class_list":{"0":"post-543881","1":"product","2":"type-product","3":"status-publish","4":"has-post-thumbnail","6":"product_cat-carrelage","7":"product_cat-cuisines","8":"product_cat-faiences","9":"product_cat-carrelage-salle-de-bain","11":"first","12":"instock","13":"shipping-taxable","14":"purchasable","15":"product-type-simple"},"_links":{"self":[{"href":"https:\/\/tilefly.com\/fr\/wp-json\/wp\/v2\/product\/543881","targetHints":{"allow":["GET"]}}],"collection":[{"href":"https:\/\/tilefly.com\/fr\/wp-json\/wp\/v2\/product"}],"about":[{"href":"https:\/\/tilefly.com\/fr\/wp-json\/wp\/v2\/types\/product"}],"replies":[{"embeddable":true,"href":"https:\/\/tilefly.com\/fr\/wp-json\/wp\/v2\/comments?post=543881"}],"wp:featuredmedia":[{"embeddable":true,"href":"https:\/\/tilefly.com\/fr\/wp-json\/wp\/v2\/media\/540326"}],"wp:attachment":[{"href":"https:\/\/tilefly.com\/fr\/wp-json\/wp\/v2\/media?parent=543881"}],"wp:term":[{"taxonomy":"product_brand","embeddable":true,"href":"https:\/\/tilefly.com\/fr\/wp-json\/wp\/v2\/product_brand?post=543881"},{"taxonomy":"product_cat","embeddable":true,"href":"https:\/\/tilefly.com\/fr\/wp-json\/wp\/v2\/product_cat?post=543881"},{"taxonomy":"product_tag","embeddable":true,"href":"https:\/\/tilefly.com\/fr\/wp-json\/wp\/v2\/product_tag?post=543881"}],"curies":[{"name":"wp","href":"https:\/\/api.w.org\/{rel}","templated":true}]}}