{"id":543878,"date":"2024-11-07T03:18:43","date_gmt":"2024-11-07T02:18:43","guid":{"rendered":"https:\/\/tilefly.com\/producto\/contemporary-bluestone-15x15\/"},"modified":"2024-11-10T19:56:54","modified_gmt":"2024-11-10T18:56:54","slug":"contemporary-bluestone-15x15","status":"publish","type":"product","link":"https:\/\/tilefly.com\/fr\/produit\/contemporary-bluestone-15x15\/","title":{"rendered":"CONTEMPORARY BLUESTONE 15X15"},"content":{"rendered":"<h2><strong>PIERRE BLEUE CONTEMPORAINE 15X15<\/strong><\/h2><p>Le carrelage contemporain Bluestone 15&#215;15, dans son ton bleu profond, apporte une touche de fra\u00eecheur et de d\u00e9contraction \u00e0 tout environnement. Avec sa finition mate, sa d\u00e9coration subtile et sa surface antid\u00e9rapante, ce carreau de porcelaine vous invite \u00e0 rompre avec les sch\u00e9mas traditionnels de la d\u00e9coration int\u00e9rieure. Id\u00e9al pour \u00eatre combin\u00e9 avec d&#8217;autres produits, c&#8217;est une option qui vous permet de cr\u00e9er des espaces uniques et sophistiqu\u00e9s.  <\/p>","protected":false},"excerpt":{"rendered":"<p>PIERRE BLEUE CONTEMPORAINE 15X15Le carrelage contemporain Bluestone 15&#215;15, dans son ton bleu profond, apporte une touche de fra\u00eecheur et de d\u00e9contraction \u00e0 tout environnement. Avec sa finition mate, sa d\u00e9coration subtile et sa surface antid\u00e9rapante, ce carreau de porcelaine vous invite \u00e0 rompre avec les sch\u00e9mas traditionnels de la d\u00e9coration int\u00e9rieure. Id\u00e9al pour \u00eatre combin\u00e9 [&hellip;]<\/p>\n","protected":false},"featured_media":540300,"comment_status":"open","ping_status":"closed","template":"","meta":[],"product_brand":[],"product_cat":[353,355,356,354],"product_tag":[],"class_list":{"0":"post-543878","1":"product","2":"type-product","3":"status-publish","4":"has-post-thumbnail","6":"product_cat-carrelage","7":"product_cat-cuisines","8":"product_cat-faiences","9":"product_cat-carrelage-salle-de-bain","11":"first","12":"instock","13":"shipping-taxable","14":"purchasable","15":"product-type-simple"},"_links":{"self":[{"href":"https:\/\/tilefly.com\/fr\/wp-json\/wp\/v2\/product\/543878","targetHints":{"allow":["GET"]}}],"collection":[{"href":"https:\/\/tilefly.com\/fr\/wp-json\/wp\/v2\/product"}],"about":[{"href":"https:\/\/tilefly.com\/fr\/wp-json\/wp\/v2\/types\/product"}],"replies":[{"embeddable":true,"href":"https:\/\/tilefly.com\/fr\/wp-json\/wp\/v2\/comments?post=543878"}],"wp:featuredmedia":[{"embeddable":true,"href":"https:\/\/tilefly.com\/fr\/wp-json\/wp\/v2\/media\/540300"}],"wp:attachment":[{"href":"https:\/\/tilefly.com\/fr\/wp-json\/wp\/v2\/media?parent=543878"}],"wp:term":[{"taxonomy":"product_brand","embeddable":true,"href":"https:\/\/tilefly.com\/fr\/wp-json\/wp\/v2\/product_brand?post=543878"},{"taxonomy":"product_cat","embeddable":true,"href":"https:\/\/tilefly.com\/fr\/wp-json\/wp\/v2\/product_cat?post=543878"},{"taxonomy":"product_tag","embeddable":true,"href":"https:\/\/tilefly.com\/fr\/wp-json\/wp\/v2\/product_tag?post=543878"}],"curies":[{"name":"wp","href":"https:\/\/api.w.org\/{rel}","templated":true}]}}