{"id":543872,"date":"2024-11-07T02:46:58","date_gmt":"2024-11-07T01:46:58","guid":{"rendered":"https:\/\/tilefly.com\/producto\/incision-acquarella-graphite-20x20\/"},"modified":"2024-11-10T19:55:44","modified_gmt":"2024-11-10T18:55:44","slug":"incision-acquarella-graphite-20x20","status":"publish","type":"product","link":"https:\/\/tilefly.com\/fr\/produit\/incision-acquarella-graphite-20x20\/","title":{"rendered":"INCISION ACQUARELLA GRAPHITE 20X20"},"content":{"rendered":"<h2><strong>INCISION ACQUARELLA GRAPHITE 20X20<\/strong><\/h2><p>Le carreau Incision Acquarella Graphite 20&#215;20, dans sa teinte graphite profonde, apporte un style audacieux et moderne. Gr\u00e2ce \u00e0 ses incisions, cette dalle pleine a l&#8217;apparence de multiples petites pi\u00e8ces, ce qui lui conf\u00e8re texture et sophistication. Avec une finition en p\u00e2te blanche mate, il est id\u00e9al pour ceux qui recherchent un design contemporain frappant, tout en conservant un aspect artisanal.  <\/p>","protected":false},"excerpt":{"rendered":"<p>INCISION ACQUARELLA GRAPHITE 20X20Le carreau Incision Acquarella Graphite 20&#215;20, dans sa teinte graphite profonde, apporte un style audacieux et moderne. Gr\u00e2ce \u00e0 ses incisions, cette dalle pleine a l&#8217;apparence de multiples petites pi\u00e8ces, ce qui lui conf\u00e8re texture et sophistication. Avec une finition en p\u00e2te blanche mate, il est id\u00e9al pour ceux qui recherchent un [&hellip;]<\/p>\n","protected":false},"featured_media":540271,"comment_status":"open","ping_status":"closed","template":"","meta":[],"product_brand":[],"product_cat":[355,356,354],"product_tag":[],"class_list":{"0":"post-543872","1":"product","2":"type-product","3":"status-publish","4":"has-post-thumbnail","6":"product_cat-cuisines","7":"product_cat-faiences","8":"product_cat-carrelage-salle-de-bain","10":"first","11":"instock","12":"shipping-taxable","13":"purchasable","14":"product-type-simple"},"_links":{"self":[{"href":"https:\/\/tilefly.com\/fr\/wp-json\/wp\/v2\/product\/543872","targetHints":{"allow":["GET"]}}],"collection":[{"href":"https:\/\/tilefly.com\/fr\/wp-json\/wp\/v2\/product"}],"about":[{"href":"https:\/\/tilefly.com\/fr\/wp-json\/wp\/v2\/types\/product"}],"replies":[{"embeddable":true,"href":"https:\/\/tilefly.com\/fr\/wp-json\/wp\/v2\/comments?post=543872"}],"wp:featuredmedia":[{"embeddable":true,"href":"https:\/\/tilefly.com\/fr\/wp-json\/wp\/v2\/media\/540271"}],"wp:attachment":[{"href":"https:\/\/tilefly.com\/fr\/wp-json\/wp\/v2\/media?parent=543872"}],"wp:term":[{"taxonomy":"product_brand","embeddable":true,"href":"https:\/\/tilefly.com\/fr\/wp-json\/wp\/v2\/product_brand?post=543872"},{"taxonomy":"product_cat","embeddable":true,"href":"https:\/\/tilefly.com\/fr\/wp-json\/wp\/v2\/product_cat?post=543872"},{"taxonomy":"product_tag","embeddable":true,"href":"https:\/\/tilefly.com\/fr\/wp-json\/wp\/v2\/product_tag?post=543872"}],"curies":[{"name":"wp","href":"https:\/\/api.w.org\/{rel}","templated":true}]}}