{"id":543858,"date":"2024-11-07T02:46:45","date_gmt":"2024-11-07T01:46:45","guid":{"rendered":"https:\/\/tilefly.com\/producto\/incision-acquarella-blue-20x20\/"},"modified":"2024-11-10T19:54:52","modified_gmt":"2024-11-10T18:54:52","slug":"incision-acquarella-blue-20x20","status":"publish","type":"product","link":"https:\/\/tilefly.com\/fr\/produit\/incision-acquarella-blue-20x20\/","title":{"rendered":"INCISION ACQUARELLA BLUE 20X20"},"content":{"rendered":"<h2><strong>INCISION ACQUARELLA BLEU 20X20<\/strong><\/h2><p>Incision Acquarella Blue 20&#215;20, dans son ton bleu profond, offre un style calme et sophistiqu\u00e9. Son design incis\u00e9 permet d&#8217;obtenir l&#8217;apparence de multiples petits carreaux en une seule pi\u00e8ce, ce qui ajoute un effet visuel int\u00e9ressant. Avec sa finition mate et son corps blanc, ce carreau est un excellent choix pour ceux qui recherchent une ambiance sereine et d\u00e9taill\u00e9e sans faire de compromis sur la facilit\u00e9 d&#8217;installation.  <\/p>","protected":false},"excerpt":{"rendered":"<p>INCISION ACQUARELLA BLEU 20X20Incision Acquarella Blue 20&#215;20, dans son ton bleu profond, offre un style calme et sophistiqu\u00e9. Son design incis\u00e9 permet d&#8217;obtenir l&#8217;apparence de multiples petits carreaux en une seule pi\u00e8ce, ce qui ajoute un effet visuel int\u00e9ressant. Avec sa finition mate et son corps blanc, ce carreau est un excellent choix pour ceux [&hellip;]<\/p>\n","protected":false},"featured_media":540219,"comment_status":"open","ping_status":"closed","template":"","meta":[],"product_brand":[],"product_cat":[355,356,354],"product_tag":[],"class_list":{"0":"post-543858","1":"product","2":"type-product","3":"status-publish","4":"has-post-thumbnail","6":"product_cat-cuisines","7":"product_cat-faiences","8":"product_cat-carrelage-salle-de-bain","10":"first","11":"instock","12":"shipping-taxable","13":"purchasable","14":"product-type-simple"},"_links":{"self":[{"href":"https:\/\/tilefly.com\/fr\/wp-json\/wp\/v2\/product\/543858","targetHints":{"allow":["GET"]}}],"collection":[{"href":"https:\/\/tilefly.com\/fr\/wp-json\/wp\/v2\/product"}],"about":[{"href":"https:\/\/tilefly.com\/fr\/wp-json\/wp\/v2\/types\/product"}],"replies":[{"embeddable":true,"href":"https:\/\/tilefly.com\/fr\/wp-json\/wp\/v2\/comments?post=543858"}],"wp:featuredmedia":[{"embeddable":true,"href":"https:\/\/tilefly.com\/fr\/wp-json\/wp\/v2\/media\/540219"}],"wp:attachment":[{"href":"https:\/\/tilefly.com\/fr\/wp-json\/wp\/v2\/media?parent=543858"}],"wp:term":[{"taxonomy":"product_brand","embeddable":true,"href":"https:\/\/tilefly.com\/fr\/wp-json\/wp\/v2\/product_brand?post=543858"},{"taxonomy":"product_cat","embeddable":true,"href":"https:\/\/tilefly.com\/fr\/wp-json\/wp\/v2\/product_cat?post=543858"},{"taxonomy":"product_tag","embeddable":true,"href":"https:\/\/tilefly.com\/fr\/wp-json\/wp\/v2\/product_tag?post=543858"}],"curies":[{"name":"wp","href":"https:\/\/api.w.org\/{rel}","templated":true}]}}