{"id":543853,"date":"2024-11-07T02:46:42","date_gmt":"2024-11-07T01:46:42","guid":{"rendered":"https:\/\/tilefly.com\/producto\/incision-acquarella-acqua-20x20\/"},"modified":"2024-11-10T19:54:17","modified_gmt":"2024-11-10T18:54:17","slug":"incision-acquarella-acqua-20x20","status":"publish","type":"product","link":"https:\/\/tilefly.com\/fr\/produit\/incision-acquarella-acqua-20x20\/","title":{"rendered":"INCISION ACQUARELLA ACQUA 20X20"},"content":{"rendered":"<h2><strong>ACQUARELLA ACQUA INCISION 20X20<\/strong><\/h2><p>La couleur aqua du carreau Incision Acquarella Acqua 20&#215;20 apporte fra\u00eecheur et s\u00e9r\u00e9nit\u00e9, avec un format incis\u00e9 qui simule des pi\u00e8ces plus petites dans une seule unit\u00e9. Ce d\u00e9tail ajoute de la texture et du dynamisme \u00e0 la conception, obtenant un effet visuel unique. R\u00e9alis\u00e9e en p\u00e2te blanche avec une finition mate, elle est id\u00e9ale pour les projets qui souhaitent combiner modernit\u00e9 et tradition avec une touche artisanale.  <\/p>","protected":false},"excerpt":{"rendered":"<p>ACQUARELLA ACQUA INCISION 20X20La couleur aqua du carreau Incision Acquarella Acqua 20&#215;20 apporte fra\u00eecheur et s\u00e9r\u00e9nit\u00e9, avec un format incis\u00e9 qui simule des pi\u00e8ces plus petites dans une seule unit\u00e9. Ce d\u00e9tail ajoute de la texture et du dynamisme \u00e0 la conception, obtenant un effet visuel unique. R\u00e9alis\u00e9e en p\u00e2te blanche avec une finition mate, [&hellip;]<\/p>\n","protected":false},"featured_media":540206,"comment_status":"open","ping_status":"closed","template":"","meta":[],"product_brand":[],"product_cat":[355,356,354],"product_tag":[],"class_list":{"0":"post-543853","1":"product","2":"type-product","3":"status-publish","4":"has-post-thumbnail","6":"product_cat-cuisines","7":"product_cat-faiences","8":"product_cat-carrelage-salle-de-bain","10":"first","11":"instock","12":"shipping-taxable","13":"purchasable","14":"product-type-simple"},"_links":{"self":[{"href":"https:\/\/tilefly.com\/fr\/wp-json\/wp\/v2\/product\/543853","targetHints":{"allow":["GET"]}}],"collection":[{"href":"https:\/\/tilefly.com\/fr\/wp-json\/wp\/v2\/product"}],"about":[{"href":"https:\/\/tilefly.com\/fr\/wp-json\/wp\/v2\/types\/product"}],"replies":[{"embeddable":true,"href":"https:\/\/tilefly.com\/fr\/wp-json\/wp\/v2\/comments?post=543853"}],"wp:featuredmedia":[{"embeddable":true,"href":"https:\/\/tilefly.com\/fr\/wp-json\/wp\/v2\/media\/540206"}],"wp:attachment":[{"href":"https:\/\/tilefly.com\/fr\/wp-json\/wp\/v2\/media?parent=543853"}],"wp:term":[{"taxonomy":"product_brand","embeddable":true,"href":"https:\/\/tilefly.com\/fr\/wp-json\/wp\/v2\/product_brand?post=543853"},{"taxonomy":"product_cat","embeddable":true,"href":"https:\/\/tilefly.com\/fr\/wp-json\/wp\/v2\/product_cat?post=543853"},{"taxonomy":"product_tag","embeddable":true,"href":"https:\/\/tilefly.com\/fr\/wp-json\/wp\/v2\/product_tag?post=543853"}],"curies":[{"name":"wp","href":"https:\/\/api.w.org\/{rel}","templated":true}]}}