{"id":543850,"date":"2024-11-07T02:46:35","date_gmt":"2024-11-07T01:46:35","guid":{"rendered":"https:\/\/tilefly.com\/producto\/incision-acquarella-white-20x20\/"},"modified":"2024-11-10T19:54:14","modified_gmt":"2024-11-10T18:54:14","slug":"incision-acquarella-white-20x20","status":"publish","type":"product","link":"https:\/\/tilefly.com\/fr\/produit\/incision-acquarella-white-20x20\/","title":{"rendered":"INCISION ACQUARELLA WHITE 20X20"},"content":{"rendered":"<h2><strong>INCISION ACQUARELLA BLANC 20X20<\/strong><\/h2><p>Le carreau Incision Acquarella White 20&#215;20 combine la puret\u00e9 du blanc avec un design ing\u00e9nieux d&#8217;incisions qui simule de petites pi\u00e8ces individuelles dans une pi\u00e8ce compl\u00e8te. Cet effet visuel ajoute de la profondeur et de la texture \u00e0 n&#8217;importe quel espace, tout en conservant l&#8217;\u00e9l\u00e9gance de la finition du corps blanc mat. Il est id\u00e9al pour ceux qui recherchent une touche de fra\u00eecheur et de savoir-faire dans leur d\u00e9cor sans compliquer l&#8217;installation.  <\/p>","protected":false},"excerpt":{"rendered":"<p>INCISION ACQUARELLA BLANC 20X20Le carreau Incision Acquarella White 20&#215;20 combine la puret\u00e9 du blanc avec un design ing\u00e9nieux d&#8217;incisions qui simule de petites pi\u00e8ces individuelles dans une pi\u00e8ce compl\u00e8te. Cet effet visuel ajoute de la profondeur et de la texture \u00e0 n&#8217;importe quel espace, tout en conservant l&#8217;\u00e9l\u00e9gance de la finition du corps blanc mat. [&hellip;]<\/p>\n","protected":false},"featured_media":540180,"comment_status":"open","ping_status":"closed","template":"","meta":[],"product_brand":[],"product_cat":[355,356,354],"product_tag":[],"class_list":{"0":"post-543850","1":"product","2":"type-product","3":"status-publish","4":"has-post-thumbnail","6":"product_cat-cuisines","7":"product_cat-faiences","8":"product_cat-carrelage-salle-de-bain","10":"first","11":"instock","12":"shipping-taxable","13":"purchasable","14":"product-type-simple"},"_links":{"self":[{"href":"https:\/\/tilefly.com\/fr\/wp-json\/wp\/v2\/product\/543850","targetHints":{"allow":["GET"]}}],"collection":[{"href":"https:\/\/tilefly.com\/fr\/wp-json\/wp\/v2\/product"}],"about":[{"href":"https:\/\/tilefly.com\/fr\/wp-json\/wp\/v2\/types\/product"}],"replies":[{"embeddable":true,"href":"https:\/\/tilefly.com\/fr\/wp-json\/wp\/v2\/comments?post=543850"}],"wp:featuredmedia":[{"embeddable":true,"href":"https:\/\/tilefly.com\/fr\/wp-json\/wp\/v2\/media\/540180"}],"wp:attachment":[{"href":"https:\/\/tilefly.com\/fr\/wp-json\/wp\/v2\/media?parent=543850"}],"wp:term":[{"taxonomy":"product_brand","embeddable":true,"href":"https:\/\/tilefly.com\/fr\/wp-json\/wp\/v2\/product_brand?post=543850"},{"taxonomy":"product_cat","embeddable":true,"href":"https:\/\/tilefly.com\/fr\/wp-json\/wp\/v2\/product_cat?post=543850"},{"taxonomy":"product_tag","embeddable":true,"href":"https:\/\/tilefly.com\/fr\/wp-json\/wp\/v2\/product_tag?post=543850"}],"curies":[{"name":"wp","href":"https:\/\/api.w.org\/{rel}","templated":true}]}}