{"id":543833,"date":"2024-11-07T02:46:15","date_gmt":"2024-11-07T01:46:15","guid":{"rendered":"https:\/\/tilefly.com\/producto\/acquarella-acqua-75x30\/"},"modified":"2024-11-10T19:52:50","modified_gmt":"2024-11-10T18:52:50","slug":"acquarella-acqua-75x30","status":"publish","type":"product","link":"https:\/\/tilefly.com\/fr\/produit\/acquarella-acqua-75x30\/","title":{"rendered":"ACQUARELLA ACQUA 7,5X30"},"content":{"rendered":"<h2><strong>ACQUARELLA ACQUA 7,5X30<\/strong><\/h2><p>Acquarella Acqua 7,5&#215;30 se distingue par sa couleur aqua, qui \u00e9voque la fra\u00eecheur et la s\u00e9r\u00e9nit\u00e9 dans tous les coins. R\u00e9alis\u00e9 en p\u00e2te blanche et avec une finition mate, ce carrelage mural met en valeur l&#8217;esth\u00e9tique artisanale de la s\u00e9rie. Son petit format permet une installation personnalis\u00e9e, s&#8217;adaptant \u00e0 tout style de d\u00e9coration qui souhaite combiner tradition et modernit\u00e9.  <\/p>","protected":false},"excerpt":{"rendered":"<p>ACQUARELLA ACQUA 7,5X30Acquarella Acqua 7,5&#215;30 se distingue par sa couleur aqua, qui \u00e9voque la fra\u00eecheur et la s\u00e9r\u00e9nit\u00e9 dans tous les coins. R\u00e9alis\u00e9 en p\u00e2te blanche et avec une finition mate, ce carrelage mural met en valeur l&#8217;esth\u00e9tique artisanale de la s\u00e9rie. Son petit format permet une installation personnalis\u00e9e, s&#8217;adaptant \u00e0 tout style de d\u00e9coration [&hellip;]<\/p>\n","protected":false},"featured_media":540089,"comment_status":"open","ping_status":"closed","template":"","meta":[],"product_brand":[],"product_cat":[355,356,354],"product_tag":[],"class_list":{"0":"post-543833","1":"product","2":"type-product","3":"status-publish","4":"has-post-thumbnail","6":"product_cat-cuisines","7":"product_cat-faiences","8":"product_cat-carrelage-salle-de-bain","10":"first","11":"instock","12":"shipping-taxable","13":"purchasable","14":"product-type-simple"},"_links":{"self":[{"href":"https:\/\/tilefly.com\/fr\/wp-json\/wp\/v2\/product\/543833","targetHints":{"allow":["GET"]}}],"collection":[{"href":"https:\/\/tilefly.com\/fr\/wp-json\/wp\/v2\/product"}],"about":[{"href":"https:\/\/tilefly.com\/fr\/wp-json\/wp\/v2\/types\/product"}],"replies":[{"embeddable":true,"href":"https:\/\/tilefly.com\/fr\/wp-json\/wp\/v2\/comments?post=543833"}],"wp:featuredmedia":[{"embeddable":true,"href":"https:\/\/tilefly.com\/fr\/wp-json\/wp\/v2\/media\/540089"}],"wp:attachment":[{"href":"https:\/\/tilefly.com\/fr\/wp-json\/wp\/v2\/media?parent=543833"}],"wp:term":[{"taxonomy":"product_brand","embeddable":true,"href":"https:\/\/tilefly.com\/fr\/wp-json\/wp\/v2\/product_brand?post=543833"},{"taxonomy":"product_cat","embeddable":true,"href":"https:\/\/tilefly.com\/fr\/wp-json\/wp\/v2\/product_cat?post=543833"},{"taxonomy":"product_tag","embeddable":true,"href":"https:\/\/tilefly.com\/fr\/wp-json\/wp\/v2\/product_tag?post=543833"}],"curies":[{"name":"wp","href":"https:\/\/api.w.org\/{rel}","templated":true}]}}