{"id":543831,"date":"2024-11-07T02:46:20","date_gmt":"2024-11-07T01:46:20","guid":{"rendered":"https:\/\/tilefly.com\/producto\/acquarella-graphite-75x30\/"},"modified":"2024-11-10T19:52:46","modified_gmt":"2024-11-10T18:52:46","slug":"acquarella-graphite-75x30","status":"publish","type":"product","link":"https:\/\/tilefly.com\/fr\/produit\/acquarella-graphite-75x30\/","title":{"rendered":"ACQUARELLA GRAPHITE 7,5X30"},"content":{"rendered":"<h2><strong>ACQUARELLA GRAPHITE 7,5X30<\/strong><\/h2><p>Le carreau Acquarella Graphite 7,5&#215;30, avec son ton graphite profond, apporte une touche audacieuse et moderne. Sa finition mate et sa texture artisanale constituent un \u00e9quilibre parfait entre tradition et contemporan\u00e9it\u00e9. Ce carrelage mural en p\u00e2te blanche est id\u00e9al pour ceux qui cherchent \u00e0 personnaliser leurs espaces avec une touche distingu\u00e9e et \u00e0 s&#8217;adapter \u00e0 tous les styles d\u00e9coratifs.  <\/p>","protected":false},"excerpt":{"rendered":"<p>ACQUARELLA GRAPHITE 7,5X30Le carreau Acquarella Graphite 7,5&#215;30, avec son ton graphite profond, apporte une touche audacieuse et moderne. Sa finition mate et sa texture artisanale constituent un \u00e9quilibre parfait entre tradition et contemporan\u00e9it\u00e9. Ce carrelage mural en p\u00e2te blanche est id\u00e9al pour ceux qui cherchent \u00e0 personnaliser leurs espaces avec une touche distingu\u00e9e et \u00e0 [&hellip;]<\/p>\n","protected":false},"featured_media":540115,"comment_status":"open","ping_status":"closed","template":"","meta":[],"product_brand":[],"product_cat":[355,356,354],"product_tag":[],"class_list":{"0":"post-543831","1":"product","2":"type-product","3":"status-publish","4":"has-post-thumbnail","6":"product_cat-cuisines","7":"product_cat-faiences","8":"product_cat-carrelage-salle-de-bain","10":"first","11":"instock","12":"shipping-taxable","13":"purchasable","14":"product-type-simple"},"_links":{"self":[{"href":"https:\/\/tilefly.com\/fr\/wp-json\/wp\/v2\/product\/543831","targetHints":{"allow":["GET"]}}],"collection":[{"href":"https:\/\/tilefly.com\/fr\/wp-json\/wp\/v2\/product"}],"about":[{"href":"https:\/\/tilefly.com\/fr\/wp-json\/wp\/v2\/types\/product"}],"replies":[{"embeddable":true,"href":"https:\/\/tilefly.com\/fr\/wp-json\/wp\/v2\/comments?post=543831"}],"wp:featuredmedia":[{"embeddable":true,"href":"https:\/\/tilefly.com\/fr\/wp-json\/wp\/v2\/media\/540115"}],"wp:attachment":[{"href":"https:\/\/tilefly.com\/fr\/wp-json\/wp\/v2\/media?parent=543831"}],"wp:term":[{"taxonomy":"product_brand","embeddable":true,"href":"https:\/\/tilefly.com\/fr\/wp-json\/wp\/v2\/product_brand?post=543831"},{"taxonomy":"product_cat","embeddable":true,"href":"https:\/\/tilefly.com\/fr\/wp-json\/wp\/v2\/product_cat?post=543831"},{"taxonomy":"product_tag","embeddable":true,"href":"https:\/\/tilefly.com\/fr\/wp-json\/wp\/v2\/product_tag?post=543831"}],"curies":[{"name":"wp","href":"https:\/\/api.w.org\/{rel}","templated":true}]}}