{"id":543826,"date":"2024-11-07T02:46:18","date_gmt":"2024-11-07T01:46:18","guid":{"rendered":"https:\/\/tilefly.com\/producto\/acquarella-grey-75x30\/"},"modified":"2024-11-10T19:52:39","modified_gmt":"2024-11-10T18:52:39","slug":"acquarella-grey-75x30","status":"publish","type":"product","link":"https:\/\/tilefly.com\/fr\/produit\/acquarella-grey-75x30\/","title":{"rendered":"ACQUARELLA GREY 7,5X30"},"content":{"rendered":"<h2><strong>ACQUARELLA GRIS 7,5X30<\/strong><\/h2><p>Avec un ton gris \u00e9l\u00e9gant, la dalle Acquarella Grey 7,5&#215;30 apporte sophistication et sobri\u00e9t\u00e9 \u00e0 tous les environnements. Sa base blanche et sa finition mate soulignent son aspect artisanal, id\u00e9al pour ceux qui souhaitent apporter une touche intemporelle \u00e0 leurs cr\u00e9ations. Ce format compact offre une grande polyvalence et s&#8217;adapte facilement aux diff\u00e9rentes configurations d\u00e9coratives.  <\/p>","protected":false},"excerpt":{"rendered":"<p>ACQUARELLA GRIS 7,5X30Avec un ton gris \u00e9l\u00e9gant, la dalle Acquarella Grey 7,5&#215;30 apporte sophistication et sobri\u00e9t\u00e9 \u00e0 tous les environnements. Sa base blanche et sa finition mate soulignent son aspect artisanal, id\u00e9al pour ceux qui souhaitent apporter une touche intemporelle \u00e0 leurs cr\u00e9ations. Ce format compact offre une grande polyvalence et s&#8217;adapte facilement aux diff\u00e9rentes [&hellip;]<\/p>\n","protected":false},"featured_media":540102,"comment_status":"open","ping_status":"closed","template":"","meta":[],"product_brand":[],"product_cat":[355,356,354],"product_tag":[],"class_list":{"0":"post-543826","1":"product","2":"type-product","3":"status-publish","4":"has-post-thumbnail","6":"product_cat-cuisines","7":"product_cat-faiences","8":"product_cat-carrelage-salle-de-bain","10":"first","11":"instock","12":"shipping-taxable","13":"purchasable","14":"product-type-simple"},"_links":{"self":[{"href":"https:\/\/tilefly.com\/fr\/wp-json\/wp\/v2\/product\/543826","targetHints":{"allow":["GET"]}}],"collection":[{"href":"https:\/\/tilefly.com\/fr\/wp-json\/wp\/v2\/product"}],"about":[{"href":"https:\/\/tilefly.com\/fr\/wp-json\/wp\/v2\/types\/product"}],"replies":[{"embeddable":true,"href":"https:\/\/tilefly.com\/fr\/wp-json\/wp\/v2\/comments?post=543826"}],"wp:featuredmedia":[{"embeddable":true,"href":"https:\/\/tilefly.com\/fr\/wp-json\/wp\/v2\/media\/540102"}],"wp:attachment":[{"href":"https:\/\/tilefly.com\/fr\/wp-json\/wp\/v2\/media?parent=543826"}],"wp:term":[{"taxonomy":"product_brand","embeddable":true,"href":"https:\/\/tilefly.com\/fr\/wp-json\/wp\/v2\/product_brand?post=543826"},{"taxonomy":"product_cat","embeddable":true,"href":"https:\/\/tilefly.com\/fr\/wp-json\/wp\/v2\/product_cat?post=543826"},{"taxonomy":"product_tag","embeddable":true,"href":"https:\/\/tilefly.com\/fr\/wp-json\/wp\/v2\/product_tag?post=543826"}],"curies":[{"name":"wp","href":"https:\/\/api.w.org\/{rel}","templated":true}]}}