{"id":543673,"date":"2024-11-08T15:04:41","date_gmt":"2024-11-10T18:48:45","guid":{"rendered":"https:\/\/tilefly.com\/producto\/pyramid-terracota-5x20\/"},"modified":"2024-11-10T19:48:45","modified_gmt":"2024-11-10T18:48:45","slug":"pyramid-terracota-5x20","status":"publish","type":"product","link":"https:\/\/tilefly.com\/fr\/produit\/pyramid-terracota-5x20\/","title":{"rendered":"PYRAMID TERRACOTA 5X20"},"content":{"rendered":"<h2><strong>PYRAMIDE TERRE CUITE 5X20<\/strong><\/h2><p>Avec un ton terre et un design pyramidal tridimensionnel, cette Fa\u00efence \u00e9voque une connexion avec la nature. Id\u00e9al pour ceux qui recherchent un espace chaleureux et accueillant, plein de texture et de profondeur visuelle. <\/p>","protected":false},"excerpt":{"rendered":"<p>PYRAMIDE TERRE CUITE 5X20Avec un ton terre et un design pyramidal tridimensionnel, cette Fa\u00efence \u00e9voque une connexion avec la nature. Id\u00e9al pour ceux qui recherchent un espace chaleureux et accueillant, plein de texture et de profondeur visuelle.<\/p>\n","protected":false},"featured_media":541331,"comment_status":"open","ping_status":"closed","template":"","meta":[],"product_brand":[],"product_cat":[355,356,354],"product_tag":[],"class_list":{"0":"post-543673","1":"product","2":"type-product","3":"status-publish","4":"has-post-thumbnail","6":"product_cat-cuisines","7":"product_cat-faiences","8":"product_cat-carrelage-salle-de-bain","10":"first","11":"outofstock","12":"shipping-taxable","13":"purchasable","14":"product-type-simple"},"_links":{"self":[{"href":"https:\/\/tilefly.com\/fr\/wp-json\/wp\/v2\/product\/543673","targetHints":{"allow":["GET"]}}],"collection":[{"href":"https:\/\/tilefly.com\/fr\/wp-json\/wp\/v2\/product"}],"about":[{"href":"https:\/\/tilefly.com\/fr\/wp-json\/wp\/v2\/types\/product"}],"replies":[{"embeddable":true,"href":"https:\/\/tilefly.com\/fr\/wp-json\/wp\/v2\/comments?post=543673"}],"wp:featuredmedia":[{"embeddable":true,"href":"https:\/\/tilefly.com\/fr\/wp-json\/wp\/v2\/media\/541331"}],"wp:attachment":[{"href":"https:\/\/tilefly.com\/fr\/wp-json\/wp\/v2\/media?parent=543673"}],"wp:term":[{"taxonomy":"product_brand","embeddable":true,"href":"https:\/\/tilefly.com\/fr\/wp-json\/wp\/v2\/product_brand?post=543673"},{"taxonomy":"product_cat","embeddable":true,"href":"https:\/\/tilefly.com\/fr\/wp-json\/wp\/v2\/product_cat?post=543673"},{"taxonomy":"product_tag","embeddable":true,"href":"https:\/\/tilefly.com\/fr\/wp-json\/wp\/v2\/product_tag?post=543673"}],"curies":[{"name":"wp","href":"https:\/\/api.w.org\/{rel}","templated":true}]}}