{"id":543666,"date":"2024-11-08T15:04:40","date_gmt":"2024-11-08T14:04:40","guid":{"rendered":"https:\/\/tilefly.com\/producto\/cups-terracota-5x20\/"},"modified":"2024-11-10T19:48:39","modified_gmt":"2024-11-10T18:48:39","slug":"cups-terracota-5x20","status":"publish","type":"product","link":"https:\/\/tilefly.com\/fr\/produit\/cups-terracota-5x20\/","title":{"rendered":"CUPS TERRACOTA 5X20"},"content":{"rendered":"<h2><strong>TASSES EN TERRE CUITE 5X20<\/strong><\/h2><p>Dans un ton terre chaud, ce rev\u00eatement mural tridimensionnel est parfait pour cr\u00e9er des espaces cosy et vivants. Sa texture gaufr\u00e9e ajoute du mouvement et de la profondeur, inspirant une sensation naturelle et rustique. <\/p>","protected":false},"excerpt":{"rendered":"<p>TASSES EN TERRE CUITE 5X20Dans un ton terre chaud, ce rev\u00eatement mural tridimensionnel est parfait pour cr\u00e9er des espaces cosy et vivants. Sa texture gaufr\u00e9e ajoute du mouvement et de la profondeur, inspirant une sensation naturelle et rustique.<\/p>\n","protected":false},"featured_media":541324,"comment_status":"open","ping_status":"closed","template":"","meta":[],"product_brand":[],"product_cat":[355,356,354],"product_tag":[],"class_list":{"0":"post-543666","1":"product","2":"type-product","3":"status-publish","4":"has-post-thumbnail","6":"product_cat-cuisines","7":"product_cat-faiences","8":"product_cat-carrelage-salle-de-bain","10":"first","11":"instock","12":"shipping-taxable","13":"purchasable","14":"product-type-simple"},"_links":{"self":[{"href":"https:\/\/tilefly.com\/fr\/wp-json\/wp\/v2\/product\/543666","targetHints":{"allow":["GET"]}}],"collection":[{"href":"https:\/\/tilefly.com\/fr\/wp-json\/wp\/v2\/product"}],"about":[{"href":"https:\/\/tilefly.com\/fr\/wp-json\/wp\/v2\/types\/product"}],"replies":[{"embeddable":true,"href":"https:\/\/tilefly.com\/fr\/wp-json\/wp\/v2\/comments?post=543666"}],"wp:featuredmedia":[{"embeddable":true,"href":"https:\/\/tilefly.com\/fr\/wp-json\/wp\/v2\/media\/541324"}],"wp:attachment":[{"href":"https:\/\/tilefly.com\/fr\/wp-json\/wp\/v2\/media?parent=543666"}],"wp:term":[{"taxonomy":"product_brand","embeddable":true,"href":"https:\/\/tilefly.com\/fr\/wp-json\/wp\/v2\/product_brand?post=543666"},{"taxonomy":"product_cat","embeddable":true,"href":"https:\/\/tilefly.com\/fr\/wp-json\/wp\/v2\/product_cat?post=543666"},{"taxonomy":"product_tag","embeddable":true,"href":"https:\/\/tilefly.com\/fr\/wp-json\/wp\/v2\/product_tag?post=543666"}],"curies":[{"name":"wp","href":"https:\/\/api.w.org\/{rel}","templated":true}]}}