{"id":543665,"date":"2024-11-08T15:04:37","date_gmt":"2024-11-08T14:04:37","guid":{"rendered":"https:\/\/tilefly.com\/producto\/three-d-blue-5x20\/"},"modified":"2024-11-10T19:48:37","modified_gmt":"2024-11-10T18:48:37","slug":"three-d-blue-5x20","status":"publish","type":"product","link":"https:\/\/tilefly.com\/fr\/produit\/three-d-blue-5x20\/","title":{"rendered":"THREE-D BLUE 5X20"},"content":{"rendered":"<h2><strong>TROIS-D BLEU 5X20<\/strong><\/h2><p>Dans une nuance de bleu vibrante, ce rev\u00eatement mural tridimensionnel apporte dynamisme et fra\u00eecheur. Son design gaufr\u00e9 est parfait pour ajouter une touche de couleur et de mouvement \u00e0 n&#8217;importe quel environnement, en en faisant le point central du d\u00e9cor. <\/p>","protected":false},"excerpt":{"rendered":"<p>TROIS-D BLEU 5X20Dans une nuance de bleu vibrante, ce rev\u00eatement mural tridimensionnel apporte dynamisme et fra\u00eecheur. Son design gaufr\u00e9 est parfait pour ajouter une touche de couleur et de mouvement \u00e0 n&#8217;importe quel environnement, en en faisant le point central du d\u00e9cor.<\/p>\n","protected":false},"featured_media":541310,"comment_status":"open","ping_status":"closed","template":"","meta":[],"product_brand":[],"product_cat":[355,356,354],"product_tag":[],"class_list":{"0":"post-543665","1":"product","2":"type-product","3":"status-publish","4":"has-post-thumbnail","6":"product_cat-cuisines","7":"product_cat-faiences","8":"product_cat-carrelage-salle-de-bain","10":"first","11":"instock","12":"shipping-taxable","13":"purchasable","14":"product-type-simple"},"_links":{"self":[{"href":"https:\/\/tilefly.com\/fr\/wp-json\/wp\/v2\/product\/543665","targetHints":{"allow":["GET"]}}],"collection":[{"href":"https:\/\/tilefly.com\/fr\/wp-json\/wp\/v2\/product"}],"about":[{"href":"https:\/\/tilefly.com\/fr\/wp-json\/wp\/v2\/types\/product"}],"replies":[{"embeddable":true,"href":"https:\/\/tilefly.com\/fr\/wp-json\/wp\/v2\/comments?post=543665"}],"wp:featuredmedia":[{"embeddable":true,"href":"https:\/\/tilefly.com\/fr\/wp-json\/wp\/v2\/media\/541310"}],"wp:attachment":[{"href":"https:\/\/tilefly.com\/fr\/wp-json\/wp\/v2\/media?parent=543665"}],"wp:term":[{"taxonomy":"product_brand","embeddable":true,"href":"https:\/\/tilefly.com\/fr\/wp-json\/wp\/v2\/product_brand?post=543665"},{"taxonomy":"product_cat","embeddable":true,"href":"https:\/\/tilefly.com\/fr\/wp-json\/wp\/v2\/product_cat?post=543665"},{"taxonomy":"product_tag","embeddable":true,"href":"https:\/\/tilefly.com\/fr\/wp-json\/wp\/v2\/product_tag?post=543665"}],"curies":[{"name":"wp","href":"https:\/\/api.w.org\/{rel}","templated":true}]}}