{"id":543662,"date":"2024-11-08T15:04:34","date_gmt":"2024-11-08T14:04:34","guid":{"rendered":"https:\/\/tilefly.com\/producto\/three-d-grey-5x20\/"},"modified":"2024-11-10T19:48:34","modified_gmt":"2024-11-10T18:48:34","slug":"three-d-grey-5x20","status":"publish","type":"product","link":"https:\/\/tilefly.com\/fr\/produit\/three-d-grey-5x20\/","title":{"rendered":"THREE-D GREY 5X20"},"content":{"rendered":"<h2><strong>TROIS-D GRIS 5X20<\/strong><\/h2><p>Ce carrelage mural gris mat refl\u00e8te une \u00e9l\u00e9gance subtile avec son relief tridimensionnel. Il est parfait pour ceux qui recherchent un \u00e9quilibre entre le classique et le moderne, apportant texture et style sans sacrifier la neutralit\u00e9 de l&#8217;espace. <\/p>","protected":false},"excerpt":{"rendered":"<p>TROIS-D GRIS 5X20Ce carrelage mural gris mat refl\u00e8te une \u00e9l\u00e9gance subtile avec son relief tridimensionnel. Il est parfait pour ceux qui recherchent un \u00e9quilibre entre le classique et le moderne, apportant texture et style sans sacrifier la neutralit\u00e9 de l&#8217;espace.<\/p>\n","protected":false},"featured_media":541296,"comment_status":"open","ping_status":"closed","template":"","meta":[],"product_brand":[],"product_cat":[355,356,354],"product_tag":[],"class_list":{"0":"post-543662","1":"product","2":"type-product","3":"status-publish","4":"has-post-thumbnail","6":"product_cat-cuisines","7":"product_cat-faiences","8":"product_cat-carrelage-salle-de-bain","10":"first","11":"instock","12":"shipping-taxable","13":"purchasable","14":"product-type-simple"},"_links":{"self":[{"href":"https:\/\/tilefly.com\/fr\/wp-json\/wp\/v2\/product\/543662","targetHints":{"allow":["GET"]}}],"collection":[{"href":"https:\/\/tilefly.com\/fr\/wp-json\/wp\/v2\/product"}],"about":[{"href":"https:\/\/tilefly.com\/fr\/wp-json\/wp\/v2\/types\/product"}],"replies":[{"embeddable":true,"href":"https:\/\/tilefly.com\/fr\/wp-json\/wp\/v2\/comments?post=543662"}],"wp:featuredmedia":[{"embeddable":true,"href":"https:\/\/tilefly.com\/fr\/wp-json\/wp\/v2\/media\/541296"}],"wp:attachment":[{"href":"https:\/\/tilefly.com\/fr\/wp-json\/wp\/v2\/media?parent=543662"}],"wp:term":[{"taxonomy":"product_brand","embeddable":true,"href":"https:\/\/tilefly.com\/fr\/wp-json\/wp\/v2\/product_brand?post=543662"},{"taxonomy":"product_cat","embeddable":true,"href":"https:\/\/tilefly.com\/fr\/wp-json\/wp\/v2\/product_cat?post=543662"},{"taxonomy":"product_tag","embeddable":true,"href":"https:\/\/tilefly.com\/fr\/wp-json\/wp\/v2\/product_tag?post=543662"}],"curies":[{"name":"wp","href":"https:\/\/api.w.org\/{rel}","templated":true}]}}