{"id":543654,"date":"2024-11-08T15:04:28","date_gmt":"2024-11-08T14:04:28","guid":{"rendered":"https:\/\/tilefly.com\/producto\/cups-night-5x20\/"},"modified":"2024-11-10T19:48:26","modified_gmt":"2024-11-10T18:48:26","slug":"cups-night-5x20","status":"publish","type":"product","link":"https:\/\/tilefly.com\/fr\/produit\/cups-night-5x20\/","title":{"rendered":"CUPS NIGHT 5X20"},"content":{"rendered":"<h2><strong>COUPES NUIT 5X20<\/strong><\/h2><p>Cette Fa\u00efence noire est la d\u00e9finition de la sophistication moderne. Sa couleur profonde et son relief tridimensionnel projettent des ombres intrigantes, id\u00e9ales pour ceux qui recherchent un style audacieux et \u00e9l\u00e9gant, ajoutant un impact visuel avec un grand impact. <\/p>","protected":false},"excerpt":{"rendered":"<p>COUPES NUIT 5X20Cette Fa\u00efence noire est la d\u00e9finition de la sophistication moderne. Sa couleur profonde et son relief tridimensionnel projettent des ombres intrigantes, id\u00e9ales pour ceux qui recherchent un style audacieux et \u00e9l\u00e9gant, ajoutant un impact visuel avec un grand impact.<\/p>\n","protected":false},"featured_media":541275,"comment_status":"open","ping_status":"closed","template":"","meta":[],"product_brand":[],"product_cat":[355,356,354],"product_tag":[],"class_list":{"0":"post-543654","1":"product","2":"type-product","3":"status-publish","4":"has-post-thumbnail","6":"product_cat-cuisines","7":"product_cat-faiences","8":"product_cat-carrelage-salle-de-bain","10":"first","11":"instock","12":"shipping-taxable","13":"purchasable","14":"product-type-simple"},"_links":{"self":[{"href":"https:\/\/tilefly.com\/fr\/wp-json\/wp\/v2\/product\/543654","targetHints":{"allow":["GET"]}}],"collection":[{"href":"https:\/\/tilefly.com\/fr\/wp-json\/wp\/v2\/product"}],"about":[{"href":"https:\/\/tilefly.com\/fr\/wp-json\/wp\/v2\/types\/product"}],"replies":[{"embeddable":true,"href":"https:\/\/tilefly.com\/fr\/wp-json\/wp\/v2\/comments?post=543654"}],"wp:featuredmedia":[{"embeddable":true,"href":"https:\/\/tilefly.com\/fr\/wp-json\/wp\/v2\/media\/541275"}],"wp:attachment":[{"href":"https:\/\/tilefly.com\/fr\/wp-json\/wp\/v2\/media?parent=543654"}],"wp:term":[{"taxonomy":"product_brand","embeddable":true,"href":"https:\/\/tilefly.com\/fr\/wp-json\/wp\/v2\/product_brand?post=543654"},{"taxonomy":"product_cat","embeddable":true,"href":"https:\/\/tilefly.com\/fr\/wp-json\/wp\/v2\/product_cat?post=543654"},{"taxonomy":"product_tag","embeddable":true,"href":"https:\/\/tilefly.com\/fr\/wp-json\/wp\/v2\/product_tag?post=543654"}],"curies":[{"name":"wp","href":"https:\/\/api.w.org\/{rel}","templated":true}]}}