{"id":543642,"date":"2024-11-08T15:04:25","date_gmt":"2024-11-08T14:04:25","guid":{"rendered":"https:\/\/tilefly.com\/producto\/cups-snow-5x20\/"},"modified":"2024-11-10T19:48:14","modified_gmt":"2024-11-10T18:48:14","slug":"cups-snow-5x20","status":"publish","type":"product","link":"https:\/\/tilefly.com\/fr\/produit\/cups-snow-5x20\/","title":{"rendered":"CUPS SNOW 5X20"},"content":{"rendered":"<h2><strong>CUPS SNOW 5X20<\/strong><\/h2><p>Ce rev\u00eatement mural couleur neige est l&#8217;expression d&#8217;une puret\u00e9 g\u00e9om\u00e9trique. Avec un doux relief tridimensionnel, il cr\u00e9e un jeu d&#8217;ombres et de lumi\u00e8res qui apporte une \u00e9l\u00e9gance subtile et moderne. Id\u00e9al pour les espaces qui recherchent la clart\u00e9 et la simplicit\u00e9 architecturale, sa finition blanche lui permet de s&#8217;adapter \u00e0 tous les environnements.  <\/p>","protected":false},"excerpt":{"rendered":"<p>CUPS SNOW 5X20Ce rev\u00eatement mural couleur neige est l&#8217;expression d&#8217;une puret\u00e9 g\u00e9om\u00e9trique. Avec un doux relief tridimensionnel, il cr\u00e9e un jeu d&#8217;ombres et de lumi\u00e8res qui apporte une \u00e9l\u00e9gance subtile et moderne. Id\u00e9al pour les espaces qui recherchent la clart\u00e9 et la simplicit\u00e9 architecturale, sa finition blanche lui permet de s&#8217;adapter \u00e0 tous les environnements.<\/p>\n","protected":false},"featured_media":541255,"comment_status":"open","ping_status":"closed","template":"","meta":[],"product_brand":[],"product_cat":[355,356,354],"product_tag":[],"class_list":{"0":"post-543642","1":"product","2":"type-product","3":"status-publish","4":"has-post-thumbnail","6":"product_cat-cuisines","7":"product_cat-faiences","8":"product_cat-carrelage-salle-de-bain","10":"first","11":"instock","12":"shipping-taxable","13":"purchasable","14":"product-type-simple"},"_links":{"self":[{"href":"https:\/\/tilefly.com\/fr\/wp-json\/wp\/v2\/product\/543642","targetHints":{"allow":["GET"]}}],"collection":[{"href":"https:\/\/tilefly.com\/fr\/wp-json\/wp\/v2\/product"}],"about":[{"href":"https:\/\/tilefly.com\/fr\/wp-json\/wp\/v2\/types\/product"}],"replies":[{"embeddable":true,"href":"https:\/\/tilefly.com\/fr\/wp-json\/wp\/v2\/comments?post=543642"}],"wp:featuredmedia":[{"embeddable":true,"href":"https:\/\/tilefly.com\/fr\/wp-json\/wp\/v2\/media\/541255"}],"wp:attachment":[{"href":"https:\/\/tilefly.com\/fr\/wp-json\/wp\/v2\/media?parent=543642"}],"wp:term":[{"taxonomy":"product_brand","embeddable":true,"href":"https:\/\/tilefly.com\/fr\/wp-json\/wp\/v2\/product_brand?post=543642"},{"taxonomy":"product_cat","embeddable":true,"href":"https:\/\/tilefly.com\/fr\/wp-json\/wp\/v2\/product_cat?post=543642"},{"taxonomy":"product_tag","embeddable":true,"href":"https:\/\/tilefly.com\/fr\/wp-json\/wp\/v2\/product_tag?post=543642"}],"curies":[{"name":"wp","href":"https:\/\/api.w.org\/{rel}","templated":true}]}}