{"id":543635,"date":"2024-11-08T14:30:28","date_gmt":"2024-11-08T13:30:28","guid":{"rendered":"https:\/\/tilefly.com\/producto\/three-d-terracota-5x20\/"},"modified":"2024-11-10T19:48:01","modified_gmt":"2024-11-10T18:48:01","slug":"three-d-terracota-5x20","status":"publish","type":"product","link":"https:\/\/tilefly.com\/fr\/produit\/three-d-terracota-5x20\/","title":{"rendered":"THREE-D TERRACOTA 5X20"},"content":{"rendered":"<h2><strong>TERRE CUITE TRIDIMENSIONNELLE 5X20<\/strong><\/h2><p>Ce rev\u00eatement mural de couleur terre allie chaleur et modernit\u00e9. Son design tridimensionnel apporte du mouvement et du caract\u00e8re, ce qui en fait un choix parfait pour les espaces qui recherchent une connexion organique et naturelle. <\/p>","protected":false},"excerpt":{"rendered":"<p>TERRE CUITE TRIDIMENSIONNELLE 5X20Ce rev\u00eatement mural de couleur terre allie chaleur et modernit\u00e9. Son design tridimensionnel apporte du mouvement et du caract\u00e8re, ce qui en fait un choix parfait pour les espaces qui recherchent une connexion organique et naturelle.<\/p>\n","protected":false},"featured_media":541167,"comment_status":"open","ping_status":"closed","template":"","meta":[],"product_brand":[],"product_cat":[355,356,354],"product_tag":[],"class_list":{"0":"post-543635","1":"product","2":"type-product","3":"status-publish","4":"has-post-thumbnail","6":"product_cat-cuisines","7":"product_cat-faiences","8":"product_cat-carrelage-salle-de-bain","10":"first","11":"instock","12":"shipping-taxable","13":"purchasable","14":"product-type-simple"},"_links":{"self":[{"href":"https:\/\/tilefly.com\/fr\/wp-json\/wp\/v2\/product\/543635","targetHints":{"allow":["GET"]}}],"collection":[{"href":"https:\/\/tilefly.com\/fr\/wp-json\/wp\/v2\/product"}],"about":[{"href":"https:\/\/tilefly.com\/fr\/wp-json\/wp\/v2\/types\/product"}],"replies":[{"embeddable":true,"href":"https:\/\/tilefly.com\/fr\/wp-json\/wp\/v2\/comments?post=543635"}],"wp:featuredmedia":[{"embeddable":true,"href":"https:\/\/tilefly.com\/fr\/wp-json\/wp\/v2\/media\/541167"}],"wp:attachment":[{"href":"https:\/\/tilefly.com\/fr\/wp-json\/wp\/v2\/media?parent=543635"}],"wp:term":[{"taxonomy":"product_brand","embeddable":true,"href":"https:\/\/tilefly.com\/fr\/wp-json\/wp\/v2\/product_brand?post=543635"},{"taxonomy":"product_cat","embeddable":true,"href":"https:\/\/tilefly.com\/fr\/wp-json\/wp\/v2\/product_cat?post=543635"},{"taxonomy":"product_tag","embeddable":true,"href":"https:\/\/tilefly.com\/fr\/wp-json\/wp\/v2\/product_tag?post=543635"}],"curies":[{"name":"wp","href":"https:\/\/api.w.org\/{rel}","templated":true}]}}