{"id":543632,"date":"2024-11-08T14:30:20","date_gmt":"2024-11-08T13:30:20","guid":{"rendered":"https:\/\/tilefly.com\/producto\/three-d-palladium-5x20\/"},"modified":"2024-11-10T19:47:57","modified_gmt":"2024-11-10T18:47:57","slug":"three-d-palladium-5x20","status":"publish","type":"product","link":"https:\/\/tilefly.com\/fr\/produit\/three-d-palladium-5x20\/","title":{"rendered":"THREE-D PALLADIUM 5X20"},"content":{"rendered":"<h2><strong>TROIS-D PALLADIUM 5X20<\/strong><\/h2><p>Dans un ton gris\u00e2tre doux, ce rev\u00eatement mural tridimensionnel constitue un choix moderne et polyvalent. Son design apporte de la texture et du caract\u00e8re \u00e0 n&#8217;importe quel mur, ce qui le rend id\u00e9al pour les espaces qui recherchent un \u00e9quilibre entre le classique et le contemporain. <\/p>","protected":false},"excerpt":{"rendered":"<p>TROIS-D PALLADIUM 5X20Dans un ton gris\u00e2tre doux, ce rev\u00eatement mural tridimensionnel constitue un choix moderne et polyvalent. Son design apporte de la texture et du caract\u00e8re \u00e0 n&#8217;importe quel mur, ce qui le rend id\u00e9al pour les espaces qui recherchent un \u00e9quilibre entre le classique et le contemporain.<\/p>\n","protected":false},"featured_media":541129,"comment_status":"open","ping_status":"closed","template":"","meta":[],"product_brand":[],"product_cat":[355,356,354],"product_tag":[],"class_list":{"0":"post-543632","1":"product","2":"type-product","3":"status-publish","4":"has-post-thumbnail","6":"product_cat-cuisines","7":"product_cat-faiences","8":"product_cat-carrelage-salle-de-bain","10":"first","11":"outofstock","12":"shipping-taxable","13":"purchasable","14":"product-type-simple"},"_links":{"self":[{"href":"https:\/\/tilefly.com\/fr\/wp-json\/wp\/v2\/product\/543632","targetHints":{"allow":["GET"]}}],"collection":[{"href":"https:\/\/tilefly.com\/fr\/wp-json\/wp\/v2\/product"}],"about":[{"href":"https:\/\/tilefly.com\/fr\/wp-json\/wp\/v2\/types\/product"}],"replies":[{"embeddable":true,"href":"https:\/\/tilefly.com\/fr\/wp-json\/wp\/v2\/comments?post=543632"}],"wp:featuredmedia":[{"embeddable":true,"href":"https:\/\/tilefly.com\/fr\/wp-json\/wp\/v2\/media\/541129"}],"wp:attachment":[{"href":"https:\/\/tilefly.com\/fr\/wp-json\/wp\/v2\/media?parent=543632"}],"wp:term":[{"taxonomy":"product_brand","embeddable":true,"href":"https:\/\/tilefly.com\/fr\/wp-json\/wp\/v2\/product_brand?post=543632"},{"taxonomy":"product_cat","embeddable":true,"href":"https:\/\/tilefly.com\/fr\/wp-json\/wp\/v2\/product_cat?post=543632"},{"taxonomy":"product_tag","embeddable":true,"href":"https:\/\/tilefly.com\/fr\/wp-json\/wp\/v2\/product_tag?post=543632"}],"curies":[{"name":"wp","href":"https:\/\/api.w.org\/{rel}","templated":true}]}}