{"id":543629,"date":"2024-11-08T14:30:24","date_gmt":"2024-11-08T13:30:24","guid":{"rendered":"https:\/\/tilefly.com\/producto\/flat-palladium-5x20\/"},"modified":"2024-11-10T19:47:46","modified_gmt":"2024-11-10T18:47:46","slug":"flat-palladium-5x20","status":"publish","type":"product","link":"https:\/\/tilefly.com\/fr\/produit\/flat-palladium-5x20\/","title":{"rendered":"FLAT PALLADIUM 5X20"},"content":{"rendered":"<h2><strong>PALLADIUM PLAT 5X20<\/strong><\/h2><p>Avec son ton gris\u00e2tre, cette Fa\u00efence \u00e0 surface plane constitue un choix moderne et discret. Id\u00e9al pour combiner avec des textures gaufr\u00e9es, il offre une esth\u00e9tique propre et \u00e9l\u00e9gante. <\/p>","protected":false},"excerpt":{"rendered":"<p>PALLADIUM PLAT 5X20Avec son ton gris\u00e2tre, cette Fa\u00efence \u00e0 surface plane constitue un choix moderne et discret. Id\u00e9al pour combiner avec des textures gaufr\u00e9es, il offre une esth\u00e9tique propre et \u00e9l\u00e9gante.<\/p>\n","protected":false},"featured_media":541142,"comment_status":"open","ping_status":"closed","template":"","meta":[],"product_brand":[],"product_cat":[355,356,354],"product_tag":[],"class_list":{"0":"post-543629","1":"product","2":"type-product","3":"status-publish","4":"has-post-thumbnail","6":"product_cat-cuisines","7":"product_cat-faiences","8":"product_cat-carrelage-salle-de-bain","10":"first","11":"instock","12":"shipping-taxable","13":"purchasable","14":"product-type-simple"},"_links":{"self":[{"href":"https:\/\/tilefly.com\/fr\/wp-json\/wp\/v2\/product\/543629","targetHints":{"allow":["GET"]}}],"collection":[{"href":"https:\/\/tilefly.com\/fr\/wp-json\/wp\/v2\/product"}],"about":[{"href":"https:\/\/tilefly.com\/fr\/wp-json\/wp\/v2\/types\/product"}],"replies":[{"embeddable":true,"href":"https:\/\/tilefly.com\/fr\/wp-json\/wp\/v2\/comments?post=543629"}],"wp:featuredmedia":[{"embeddable":true,"href":"https:\/\/tilefly.com\/fr\/wp-json\/wp\/v2\/media\/541142"}],"wp:attachment":[{"href":"https:\/\/tilefly.com\/fr\/wp-json\/wp\/v2\/media?parent=543629"}],"wp:term":[{"taxonomy":"product_brand","embeddable":true,"href":"https:\/\/tilefly.com\/fr\/wp-json\/wp\/v2\/product_brand?post=543629"},{"taxonomy":"product_cat","embeddable":true,"href":"https:\/\/tilefly.com\/fr\/wp-json\/wp\/v2\/product_cat?post=543629"},{"taxonomy":"product_tag","embeddable":true,"href":"https:\/\/tilefly.com\/fr\/wp-json\/wp\/v2\/product_tag?post=543629"}],"curies":[{"name":"wp","href":"https:\/\/api.w.org\/{rel}","templated":true}]}}