{"id":543625,"date":"2024-11-08T14:29:46","date_gmt":"2024-11-08T13:29:46","guid":{"rendered":"https:\/\/tilefly.com\/producto\/flat-blue-5x20\/"},"modified":"2024-11-10T19:47:35","modified_gmt":"2024-11-10T18:47:35","slug":"flat-blue-5x20","status":"publish","type":"product","link":"https:\/\/tilefly.com\/fr\/produit\/flat-blue-5x20\/","title":{"rendered":"FLAT BLUE 5X20"},"content":{"rendered":"<h2><strong>BLEU PLAT 5X20<\/strong><\/h2><p>Ce rev\u00eatement mural bleu profond \u00e0 surface plane est un choix id\u00e9al pour ceux qui cherchent \u00e0 ajouter une touche de couleur tout en restant simples. Il est parfait pour donner de la vie aux espaces qui ont besoin d&#8217;un point focal frais et moderne. <\/p>","protected":false},"excerpt":{"rendered":"<p>BLEU PLAT 5X20Ce rev\u00eatement mural bleu profond \u00e0 surface plane est un choix id\u00e9al pour ceux qui cherchent \u00e0 ajouter une touche de couleur tout en restant simples. Il est parfait pour donner de la vie aux espaces qui ont besoin d&#8217;un point focal frais et moderne.<\/p>\n","protected":false},"featured_media":541090,"comment_status":"open","ping_status":"closed","template":"","meta":[],"product_brand":[],"product_cat":[355,356,354],"product_tag":[],"class_list":{"0":"post-543625","1":"product","2":"type-product","3":"status-publish","4":"has-post-thumbnail","6":"product_cat-cuisines","7":"product_cat-faiences","8":"product_cat-carrelage-salle-de-bain","10":"first","11":"instock","12":"shipping-taxable","13":"purchasable","14":"product-type-simple"},"_links":{"self":[{"href":"https:\/\/tilefly.com\/fr\/wp-json\/wp\/v2\/product\/543625","targetHints":{"allow":["GET"]}}],"collection":[{"href":"https:\/\/tilefly.com\/fr\/wp-json\/wp\/v2\/product"}],"about":[{"href":"https:\/\/tilefly.com\/fr\/wp-json\/wp\/v2\/types\/product"}],"replies":[{"embeddable":true,"href":"https:\/\/tilefly.com\/fr\/wp-json\/wp\/v2\/comments?post=543625"}],"wp:featuredmedia":[{"embeddable":true,"href":"https:\/\/tilefly.com\/fr\/wp-json\/wp\/v2\/media\/541090"}],"wp:attachment":[{"href":"https:\/\/tilefly.com\/fr\/wp-json\/wp\/v2\/media?parent=543625"}],"wp:term":[{"taxonomy":"product_brand","embeddable":true,"href":"https:\/\/tilefly.com\/fr\/wp-json\/wp\/v2\/product_brand?post=543625"},{"taxonomy":"product_cat","embeddable":true,"href":"https:\/\/tilefly.com\/fr\/wp-json\/wp\/v2\/product_cat?post=543625"},{"taxonomy":"product_tag","embeddable":true,"href":"https:\/\/tilefly.com\/fr\/wp-json\/wp\/v2\/product_tag?post=543625"}],"curies":[{"name":"wp","href":"https:\/\/api.w.org\/{rel}","templated":true}]}}