{"id":543618,"date":"2024-11-08T14:29:42","date_gmt":"2024-11-08T13:29:42","guid":{"rendered":"https:\/\/tilefly.com\/producto\/flat-grey-5x20\/"},"modified":"2024-11-10T19:47:29","modified_gmt":"2024-11-10T18:47:29","slug":"flat-grey-5x20","status":"publish","type":"product","link":"https:\/\/tilefly.com\/fr\/produit\/flat-grey-5x20\/","title":{"rendered":"FLAT GREY 5X20"},"content":{"rendered":"<h2><strong>GRIS PLAT 5X20<\/strong><\/h2><p>En gris doux, cette Fa\u00efence \u00e0 surface plane est le choix parfait pour ceux qui recherchent une esth\u00e9tique neutre et moderne. Id\u00e9al pour \u00eatre associ\u00e9 \u00e0 d&#8217;autres \u00e9l\u00e9ments tridimensionnels, il apporte une touche discr\u00e8te et \u00e9l\u00e9gante. <\/p>","protected":false},"excerpt":{"rendered":"<p>GRIS PLAT 5X20En gris doux, cette Fa\u00efence \u00e0 surface plane est le choix parfait pour ceux qui recherchent une esth\u00e9tique neutre et moderne. Id\u00e9al pour \u00eatre associ\u00e9 \u00e0 d&#8217;autres \u00e9l\u00e9ments tridimensionnels, il apporte une touche discr\u00e8te et \u00e9l\u00e9gante.<\/p>\n","protected":false},"featured_media":541071,"comment_status":"open","ping_status":"closed","template":"","meta":[],"product_brand":[],"product_cat":[355,356,354],"product_tag":[],"class_list":{"0":"post-543618","1":"product","2":"type-product","3":"status-publish","4":"has-post-thumbnail","6":"product_cat-cuisines","7":"product_cat-faiences","8":"product_cat-carrelage-salle-de-bain","10":"first","11":"instock","12":"shipping-taxable","13":"purchasable","14":"product-type-simple"},"_links":{"self":[{"href":"https:\/\/tilefly.com\/fr\/wp-json\/wp\/v2\/product\/543618","targetHints":{"allow":["GET"]}}],"collection":[{"href":"https:\/\/tilefly.com\/fr\/wp-json\/wp\/v2\/product"}],"about":[{"href":"https:\/\/tilefly.com\/fr\/wp-json\/wp\/v2\/types\/product"}],"replies":[{"embeddable":true,"href":"https:\/\/tilefly.com\/fr\/wp-json\/wp\/v2\/comments?post=543618"}],"wp:featuredmedia":[{"embeddable":true,"href":"https:\/\/tilefly.com\/fr\/wp-json\/wp\/v2\/media\/541071"}],"wp:attachment":[{"href":"https:\/\/tilefly.com\/fr\/wp-json\/wp\/v2\/media?parent=543618"}],"wp:term":[{"taxonomy":"product_brand","embeddable":true,"href":"https:\/\/tilefly.com\/fr\/wp-json\/wp\/v2\/product_brand?post=543618"},{"taxonomy":"product_cat","embeddable":true,"href":"https:\/\/tilefly.com\/fr\/wp-json\/wp\/v2\/product_cat?post=543618"},{"taxonomy":"product_tag","embeddable":true,"href":"https:\/\/tilefly.com\/fr\/wp-json\/wp\/v2\/product_tag?post=543618"}],"curies":[{"name":"wp","href":"https:\/\/api.w.org\/{rel}","templated":true}]}}