{"id":543613,"date":"2024-11-08T14:29:39","date_gmt":"2024-11-08T13:29:39","guid":{"rendered":"https:\/\/tilefly.com\/producto\/flat-snow-5x20\/"},"modified":"2024-11-10T19:47:20","modified_gmt":"2024-11-10T18:47:20","slug":"flat-snow-5x20","status":"publish","type":"product","link":"https:\/\/tilefly.com\/fr\/produit\/flat-snow-5x20\/","title":{"rendered":"FLAT SNOW 5X20"},"content":{"rendered":"<h2><strong>FLAT SNOW 5X20<\/strong><\/h2><p>Ce bardage blanc neige offre une surface plane, id\u00e9ale pour ceux qui recherchent la simplicit\u00e9 et la modernit\u00e9. Son ton clair permet \u00e0 la lumi\u00e8re de se refl\u00e9ter, ce qui apporte de l&#8217;espace et de la luminosit\u00e9 aux espaces, id\u00e9al pour les environnements minimalistes. <\/p>","protected":false},"excerpt":{"rendered":"<p>FLAT SNOW 5X20Ce bardage blanc neige offre une surface plane, id\u00e9ale pour ceux qui recherchent la simplicit\u00e9 et la modernit\u00e9. Son ton clair permet \u00e0 la lumi\u00e8re de se refl\u00e9ter, ce qui apporte de l&#8217;espace et de la luminosit\u00e9 aux espaces, id\u00e9al pour les environnements minimalistes.<\/p>\n","protected":false},"featured_media":541058,"comment_status":"open","ping_status":"closed","template":"","meta":[],"product_brand":[],"product_cat":[355,356,354],"product_tag":[],"class_list":{"0":"post-543613","1":"product","2":"type-product","3":"status-publish","4":"has-post-thumbnail","6":"product_cat-cuisines","7":"product_cat-faiences","8":"product_cat-carrelage-salle-de-bain","10":"first","11":"instock","12":"shipping-taxable","13":"purchasable","14":"product-type-simple"},"_links":{"self":[{"href":"https:\/\/tilefly.com\/fr\/wp-json\/wp\/v2\/product\/543613","targetHints":{"allow":["GET"]}}],"collection":[{"href":"https:\/\/tilefly.com\/fr\/wp-json\/wp\/v2\/product"}],"about":[{"href":"https:\/\/tilefly.com\/fr\/wp-json\/wp\/v2\/types\/product"}],"replies":[{"embeddable":true,"href":"https:\/\/tilefly.com\/fr\/wp-json\/wp\/v2\/comments?post=543613"}],"wp:featuredmedia":[{"embeddable":true,"href":"https:\/\/tilefly.com\/fr\/wp-json\/wp\/v2\/media\/541058"}],"wp:attachment":[{"href":"https:\/\/tilefly.com\/fr\/wp-json\/wp\/v2\/media?parent=543613"}],"wp:term":[{"taxonomy":"product_brand","embeddable":true,"href":"https:\/\/tilefly.com\/fr\/wp-json\/wp\/v2\/product_brand?post=543613"},{"taxonomy":"product_cat","embeddable":true,"href":"https:\/\/tilefly.com\/fr\/wp-json\/wp\/v2\/product_cat?post=543613"},{"taxonomy":"product_tag","embeddable":true,"href":"https:\/\/tilefly.com\/fr\/wp-json\/wp\/v2\/product_tag?post=543613"}],"curies":[{"name":"wp","href":"https:\/\/api.w.org\/{rel}","templated":true}]}}