{"id":543611,"date":"2024-11-08T14:29:30","date_gmt":"2024-11-08T13:29:30","guid":{"rendered":"https:\/\/tilefly.com\/producto\/pyramid-night-5x20\/"},"modified":"2024-11-10T19:47:19","modified_gmt":"2024-11-10T18:47:19","slug":"pyramid-night-5x20","status":"publish","type":"product","link":"https:\/\/tilefly.com\/fr\/produit\/pyramid-night-5x20\/","title":{"rendered":"PYRAMID NIGHT 5X20"},"content":{"rendered":"<h2><strong>PYRAMIDE NOCTURNE 5X20<\/strong><\/h2><p>Avec sa couleur noire profonde et son design tridimensionnel en forme de pyramide, ce rev\u00eatement mural est synonyme d&#8217;\u00e9l\u00e9gance et de drame. Il est id\u00e9al pour ceux qui recherchent un style saisissant et plein de profondeur, cr\u00e9ant une atmosph\u00e8re de luxe et de modernit\u00e9. <\/p>","protected":false},"excerpt":{"rendered":"<p>PYRAMIDE NOCTURNE 5X20Avec sa couleur noire profonde et son design tridimensionnel en forme de pyramide, ce rev\u00eatement mural est synonyme d&#8217;\u00e9l\u00e9gance et de drame. Il est id\u00e9al pour ceux qui recherchent un style saisissant et plein de profondeur, cr\u00e9ant une atmosph\u00e8re de luxe et de modernit\u00e9.<\/p>\n","protected":false},"featured_media":541008,"comment_status":"open","ping_status":"closed","template":"","meta":[],"product_brand":[],"product_cat":[355,356,354],"product_tag":[],"class_list":{"0":"post-543611","1":"product","2":"type-product","3":"status-publish","4":"has-post-thumbnail","6":"product_cat-cuisines","7":"product_cat-faiences","8":"product_cat-carrelage-salle-de-bain","10":"first","11":"instock","12":"shipping-taxable","13":"purchasable","14":"product-type-simple"},"_links":{"self":[{"href":"https:\/\/tilefly.com\/fr\/wp-json\/wp\/v2\/product\/543611","targetHints":{"allow":["GET"]}}],"collection":[{"href":"https:\/\/tilefly.com\/fr\/wp-json\/wp\/v2\/product"}],"about":[{"href":"https:\/\/tilefly.com\/fr\/wp-json\/wp\/v2\/types\/product"}],"replies":[{"embeddable":true,"href":"https:\/\/tilefly.com\/fr\/wp-json\/wp\/v2\/comments?post=543611"}],"wp:featuredmedia":[{"embeddable":true,"href":"https:\/\/tilefly.com\/fr\/wp-json\/wp\/v2\/media\/541008"}],"wp:attachment":[{"href":"https:\/\/tilefly.com\/fr\/wp-json\/wp\/v2\/media?parent=543611"}],"wp:term":[{"taxonomy":"product_brand","embeddable":true,"href":"https:\/\/tilefly.com\/fr\/wp-json\/wp\/v2\/product_brand?post=543611"},{"taxonomy":"product_cat","embeddable":true,"href":"https:\/\/tilefly.com\/fr\/wp-json\/wp\/v2\/product_cat?post=543611"},{"taxonomy":"product_tag","embeddable":true,"href":"https:\/\/tilefly.com\/fr\/wp-json\/wp\/v2\/product_tag?post=543611"}],"curies":[{"name":"wp","href":"https:\/\/api.w.org\/{rel}","templated":true}]}}