{"id":543607,"date":"2024-11-08T14:29:34","date_gmt":"2024-11-08T13:29:34","guid":{"rendered":"https:\/\/tilefly.com\/producto\/three-d-snow-5x20\/"},"modified":"2024-11-10T19:47:14","modified_gmt":"2024-11-10T18:47:14","slug":"three-d-snow-5x20","status":"publish","type":"product","link":"https:\/\/tilefly.com\/fr\/produit\/three-d-snow-5x20\/","title":{"rendered":"THREE-D SNOW 5X20"},"content":{"rendered":"<h2><strong>NEIGE EN TROIS DIMENSIONS 5X20<\/strong><\/h2><p>Dans un ton neigeux, ce rev\u00eatement mural tridimensionnel est id\u00e9al pour cr\u00e9er une atmosph\u00e8re \u00e9pur\u00e9e et lumineuse. Son design moderne et g\u00e9om\u00e9trique se distingue par sa simplicit\u00e9 et sa profondeur, apportant un sentiment d&#8217;espace et de clart\u00e9 \u00e0 n&#8217;importe quel espace. <\/p>","protected":false},"excerpt":{"rendered":"<p>NEIGE EN TROIS DIMENSIONS 5X20Dans un ton neigeux, ce rev\u00eatement mural tridimensionnel est id\u00e9al pour cr\u00e9er une atmosph\u00e8re \u00e9pur\u00e9e et lumineuse. Son design moderne et g\u00e9om\u00e9trique se distingue par sa simplicit\u00e9 et sa profondeur, apportant un sentiment d&#8217;espace et de clart\u00e9 \u00e0 n&#8217;importe quel espace.<\/p>\n","protected":false},"featured_media":541027,"comment_status":"open","ping_status":"closed","template":"","meta":[],"product_brand":[],"product_cat":[355,356,354],"product_tag":[],"class_list":{"0":"post-543607","1":"product","2":"type-product","3":"status-publish","4":"has-post-thumbnail","6":"product_cat-cuisines","7":"product_cat-faiences","8":"product_cat-carrelage-salle-de-bain","10":"first","11":"instock","12":"shipping-taxable","13":"purchasable","14":"product-type-simple"},"_links":{"self":[{"href":"https:\/\/tilefly.com\/fr\/wp-json\/wp\/v2\/product\/543607","targetHints":{"allow":["GET"]}}],"collection":[{"href":"https:\/\/tilefly.com\/fr\/wp-json\/wp\/v2\/product"}],"about":[{"href":"https:\/\/tilefly.com\/fr\/wp-json\/wp\/v2\/types\/product"}],"replies":[{"embeddable":true,"href":"https:\/\/tilefly.com\/fr\/wp-json\/wp\/v2\/comments?post=543607"}],"wp:featuredmedia":[{"embeddable":true,"href":"https:\/\/tilefly.com\/fr\/wp-json\/wp\/v2\/media\/541027"}],"wp:attachment":[{"href":"https:\/\/tilefly.com\/fr\/wp-json\/wp\/v2\/media?parent=543607"}],"wp:term":[{"taxonomy":"product_brand","embeddable":true,"href":"https:\/\/tilefly.com\/fr\/wp-json\/wp\/v2\/product_brand?post=543607"},{"taxonomy":"product_cat","embeddable":true,"href":"https:\/\/tilefly.com\/fr\/wp-json\/wp\/v2\/product_cat?post=543607"},{"taxonomy":"product_tag","embeddable":true,"href":"https:\/\/tilefly.com\/fr\/wp-json\/wp\/v2\/product_tag?post=543607"}],"curies":[{"name":"wp","href":"https:\/\/api.w.org\/{rel}","templated":true}]}}