{"id":543597,"date":"2024-11-08T13:40:02","date_gmt":"2024-11-08T12:40:02","guid":{"rendered":"https:\/\/tilefly.com\/producto\/macbeth-champagne-rect-30x90\/"},"modified":"2024-11-10T19:46:59","modified_gmt":"2024-11-10T18:46:59","slug":"macbeth-champagne-rect-30x90","status":"publish","type":"product","link":"https:\/\/tilefly.com\/fr\/produit\/macbeth-champagne-rect-30x90\/","title":{"rendered":"MACBETH CHAMPAGNE RECT 30X90"},"content":{"rendered":"<h2><strong>MACBETH CHAMPAGNE RECT 30X90<\/strong><\/h2><p>Dans un ton beige chaud, cette Fa\u00efence mate respire l&#8217;\u00e9l\u00e9gance et la simplicit\u00e9. Parfait pour ceux qui recherchent une ambiance d\u00e9contract\u00e9e et \u00e9l\u00e9gante, \u00e9voquant un sentiment de paix dans n&#8217;importe quel espace. <\/p>","protected":false},"excerpt":{"rendered":"<p>MACBETH CHAMPAGNE RECT 30X90Dans un ton beige chaud, cette Fa\u00efence mate respire l&#8217;\u00e9l\u00e9gance et la simplicit\u00e9. Parfait pour ceux qui recherchent une ambiance d\u00e9contract\u00e9e et \u00e9l\u00e9gante, \u00e9voquant un sentiment de paix dans n&#8217;importe quel espace.<\/p>\n","protected":false},"featured_media":540922,"comment_status":"open","ping_status":"closed","template":"","meta":[],"product_brand":[],"product_cat":[355,356,354],"product_tag":[],"class_list":{"0":"post-543597","1":"product","2":"type-product","3":"status-publish","4":"has-post-thumbnail","6":"product_cat-cuisines","7":"product_cat-faiences","8":"product_cat-carrelage-salle-de-bain","10":"first","11":"instock","12":"shipping-taxable","13":"purchasable","14":"product-type-simple"},"_links":{"self":[{"href":"https:\/\/tilefly.com\/fr\/wp-json\/wp\/v2\/product\/543597","targetHints":{"allow":["GET"]}}],"collection":[{"href":"https:\/\/tilefly.com\/fr\/wp-json\/wp\/v2\/product"}],"about":[{"href":"https:\/\/tilefly.com\/fr\/wp-json\/wp\/v2\/types\/product"}],"replies":[{"embeddable":true,"href":"https:\/\/tilefly.com\/fr\/wp-json\/wp\/v2\/comments?post=543597"}],"wp:featuredmedia":[{"embeddable":true,"href":"https:\/\/tilefly.com\/fr\/wp-json\/wp\/v2\/media\/540922"}],"wp:attachment":[{"href":"https:\/\/tilefly.com\/fr\/wp-json\/wp\/v2\/media?parent=543597"}],"wp:term":[{"taxonomy":"product_brand","embeddable":true,"href":"https:\/\/tilefly.com\/fr\/wp-json\/wp\/v2\/product_brand?post=543597"},{"taxonomy":"product_cat","embeddable":true,"href":"https:\/\/tilefly.com\/fr\/wp-json\/wp\/v2\/product_cat?post=543597"},{"taxonomy":"product_tag","embeddable":true,"href":"https:\/\/tilefly.com\/fr\/wp-json\/wp\/v2\/product_tag?post=543597"}],"curies":[{"name":"wp","href":"https:\/\/api.w.org\/{rel}","templated":true}]}}