{"id":543575,"date":"2024-11-08T13:39:33","date_gmt":"2024-11-08T12:39:33","guid":{"rendered":"https:\/\/tilefly.com\/producto\/colorful-marine-rect-30x90\/"},"modified":"2024-11-10T19:46:36","modified_gmt":"2024-11-10T18:46:36","slug":"colorful-marine-rect-30x90","status":"publish","type":"product","link":"https:\/\/tilefly.com\/fr\/produit\/colorful-marine-rect-30x90\/","title":{"rendered":"COLORFUL MARINE RECT 30X90"},"content":{"rendered":"<h2><strong>COULEUR MARINE RECT 30X90<\/strong><\/h2><p>D&#8217;un bleu profond, ce rev\u00eatement mural mat \u00e9voque le calme de la mer et est id\u00e9al pour apporter une touche de s\u00e9r\u00e9nit\u00e9 et de fra\u00eecheur \u00e0 n&#8217;importe quel espace. Parfait pour ceux qui recherchent un d\u00e9cor qui inspire la tranquillit\u00e9. <\/p>","protected":false},"excerpt":{"rendered":"<p>COULEUR MARINE RECT 30X90D&#8217;un bleu profond, ce rev\u00eatement mural mat \u00e9voque le calme de la mer et est id\u00e9al pour apporter une touche de s\u00e9r\u00e9nit\u00e9 et de fra\u00eecheur \u00e0 n&#8217;importe quel espace. Parfait pour ceux qui recherchent un d\u00e9cor qui inspire la tranquillit\u00e9.<\/p>\n","protected":false},"featured_media":540831,"comment_status":"open","ping_status":"closed","template":"","meta":[],"product_brand":[],"product_cat":[355,356,354],"product_tag":[],"class_list":{"0":"post-543575","1":"product","2":"type-product","3":"status-publish","4":"has-post-thumbnail","6":"product_cat-cuisines","7":"product_cat-faiences","8":"product_cat-carrelage-salle-de-bain","10":"first","11":"instock","12":"shipping-taxable","13":"purchasable","14":"product-type-simple"},"_links":{"self":[{"href":"https:\/\/tilefly.com\/fr\/wp-json\/wp\/v2\/product\/543575","targetHints":{"allow":["GET"]}}],"collection":[{"href":"https:\/\/tilefly.com\/fr\/wp-json\/wp\/v2\/product"}],"about":[{"href":"https:\/\/tilefly.com\/fr\/wp-json\/wp\/v2\/types\/product"}],"replies":[{"embeddable":true,"href":"https:\/\/tilefly.com\/fr\/wp-json\/wp\/v2\/comments?post=543575"}],"wp:featuredmedia":[{"embeddable":true,"href":"https:\/\/tilefly.com\/fr\/wp-json\/wp\/v2\/media\/540831"}],"wp:attachment":[{"href":"https:\/\/tilefly.com\/fr\/wp-json\/wp\/v2\/media?parent=543575"}],"wp:term":[{"taxonomy":"product_brand","embeddable":true,"href":"https:\/\/tilefly.com\/fr\/wp-json\/wp\/v2\/product_brand?post=543575"},{"taxonomy":"product_cat","embeddable":true,"href":"https:\/\/tilefly.com\/fr\/wp-json\/wp\/v2\/product_cat?post=543575"},{"taxonomy":"product_tag","embeddable":true,"href":"https:\/\/tilefly.com\/fr\/wp-json\/wp\/v2\/product_tag?post=543575"}],"curies":[{"name":"wp","href":"https:\/\/api.w.org\/{rel}","templated":true}]}}