{"id":543563,"date":"2024-11-08T13:39:19","date_gmt":"2024-11-08T12:39:19","guid":{"rendered":"https:\/\/tilefly.com\/producto\/colorful-turquoise-rect-30x90\/"},"modified":"2024-11-10T19:46:23","modified_gmt":"2024-11-10T18:46:23","slug":"colorful-turquoise-rect-30x90","status":"publish","type":"product","link":"https:\/\/tilefly.com\/fr\/produit\/colorful-turquoise-rect-30x90\/","title":{"rendered":"COLORFUL TURQUOISE RECT 30X90"},"content":{"rendered":"<h2><strong>TURQUOISE COLOR\u00c9 RECT 30X90<\/strong><\/h2><p>Avec une couleur turquoise vibrante, ce rev\u00eatement mural capture la fra\u00eecheur et l&#8217;\u00e9clat de l&#8217;oc\u00e9an. Ses tons modernes et sa finition mate en font un choix id\u00e9al pour apporter une touche de fra\u00eecheur et d&#8217;\u00e9nergie \u00e0 n&#8217;importe quel espace. <\/p>","protected":false},"excerpt":{"rendered":"<p>TURQUOISE COLOR\u00c9 RECT 30X90Avec une couleur turquoise vibrante, ce rev\u00eatement mural capture la fra\u00eecheur et l&#8217;\u00e9clat de l&#8217;oc\u00e9an. Ses tons modernes et sa finition mate en font un choix id\u00e9al pour apporter une touche de fra\u00eecheur et d&#8217;\u00e9nergie \u00e0 n&#8217;importe quel espace.<\/p>\n","protected":false},"featured_media":540805,"comment_status":"open","ping_status":"closed","template":"","meta":[],"product_brand":[],"product_cat":[355,356,354],"product_tag":[],"class_list":{"0":"post-543563","1":"product","2":"type-product","3":"status-publish","4":"has-post-thumbnail","6":"product_cat-cuisines","7":"product_cat-faiences","8":"product_cat-carrelage-salle-de-bain","10":"first","11":"instock","12":"shipping-taxable","13":"purchasable","14":"product-type-simple"},"_links":{"self":[{"href":"https:\/\/tilefly.com\/fr\/wp-json\/wp\/v2\/product\/543563","targetHints":{"allow":["GET"]}}],"collection":[{"href":"https:\/\/tilefly.com\/fr\/wp-json\/wp\/v2\/product"}],"about":[{"href":"https:\/\/tilefly.com\/fr\/wp-json\/wp\/v2\/types\/product"}],"replies":[{"embeddable":true,"href":"https:\/\/tilefly.com\/fr\/wp-json\/wp\/v2\/comments?post=543563"}],"wp:featuredmedia":[{"embeddable":true,"href":"https:\/\/tilefly.com\/fr\/wp-json\/wp\/v2\/media\/540805"}],"wp:attachment":[{"href":"https:\/\/tilefly.com\/fr\/wp-json\/wp\/v2\/media?parent=543563"}],"wp:term":[{"taxonomy":"product_brand","embeddable":true,"href":"https:\/\/tilefly.com\/fr\/wp-json\/wp\/v2\/product_brand?post=543563"},{"taxonomy":"product_cat","embeddable":true,"href":"https:\/\/tilefly.com\/fr\/wp-json\/wp\/v2\/product_cat?post=543563"},{"taxonomy":"product_tag","embeddable":true,"href":"https:\/\/tilefly.com\/fr\/wp-json\/wp\/v2\/product_tag?post=543563"}],"curies":[{"name":"wp","href":"https:\/\/api.w.org\/{rel}","templated":true}]}}