{"id":543555,"date":"2024-11-08T13:39:08","date_gmt":"2024-11-08T12:39:08","guid":{"rendered":"https:\/\/tilefly.com\/producto\/chevy-pumice-rect-30x90\/"},"modified":"2024-11-10T19:46:13","modified_gmt":"2024-11-10T18:46:13","slug":"chevy-pumice-rect-30x90","status":"publish","type":"product","link":"https:\/\/tilefly.com\/fr\/produit\/chevy-pumice-rect-30x90\/","title":{"rendered":"CHEVY PUMICE RECT 30X90"},"content":{"rendered":"<h2><strong>CHEVY PUMICE RECT 30X90<\/strong><\/h2><p>Dans un ton gris doux, ce rev\u00eatement mural mat est parfait pour ceux qui souhaitent une ambiance calme et \u00e9l\u00e9gante. Son design est id\u00e9al pour s&#8217;associer \u00e0 une vari\u00e9t\u00e9 de styles d\u00e9coratifs, en apportant un calme subtil. <\/p>","protected":false},"excerpt":{"rendered":"<p>CHEVY PUMICE RECT 30X90Dans un ton gris doux, ce rev\u00eatement mural mat est parfait pour ceux qui souhaitent une ambiance calme et \u00e9l\u00e9gante. Son design est id\u00e9al pour s&#8217;associer \u00e0 une vari\u00e9t\u00e9 de styles d\u00e9coratifs, en apportant un calme subtil.<\/p>\n","protected":false},"featured_media":540766,"comment_status":"open","ping_status":"closed","template":"","meta":[],"product_brand":[],"product_cat":[355,356,354],"product_tag":[],"class_list":{"0":"post-543555","1":"product","2":"type-product","3":"status-publish","4":"has-post-thumbnail","6":"product_cat-cuisines","7":"product_cat-faiences","8":"product_cat-carrelage-salle-de-bain","10":"first","11":"instock","12":"shipping-taxable","13":"purchasable","14":"product-type-simple"},"_links":{"self":[{"href":"https:\/\/tilefly.com\/fr\/wp-json\/wp\/v2\/product\/543555","targetHints":{"allow":["GET"]}}],"collection":[{"href":"https:\/\/tilefly.com\/fr\/wp-json\/wp\/v2\/product"}],"about":[{"href":"https:\/\/tilefly.com\/fr\/wp-json\/wp\/v2\/types\/product"}],"replies":[{"embeddable":true,"href":"https:\/\/tilefly.com\/fr\/wp-json\/wp\/v2\/comments?post=543555"}],"wp:featuredmedia":[{"embeddable":true,"href":"https:\/\/tilefly.com\/fr\/wp-json\/wp\/v2\/media\/540766"}],"wp:attachment":[{"href":"https:\/\/tilefly.com\/fr\/wp-json\/wp\/v2\/media?parent=543555"}],"wp:term":[{"taxonomy":"product_brand","embeddable":true,"href":"https:\/\/tilefly.com\/fr\/wp-json\/wp\/v2\/product_brand?post=543555"},{"taxonomy":"product_cat","embeddable":true,"href":"https:\/\/tilefly.com\/fr\/wp-json\/wp\/v2\/product_cat?post=543555"},{"taxonomy":"product_tag","embeddable":true,"href":"https:\/\/tilefly.com\/fr\/wp-json\/wp\/v2\/product_tag?post=543555"}],"curies":[{"name":"wp","href":"https:\/\/api.w.org\/{rel}","templated":true}]}}