{"id":543549,"date":"2024-11-08T13:39:05","date_gmt":"2024-11-08T12:39:05","guid":{"rendered":"https:\/\/tilefly.com\/producto\/chevy-turquoise-rect-30x90\/"},"modified":"2024-11-10T19:46:05","modified_gmt":"2024-11-10T18:46:05","slug":"chevy-turquoise-rect-30x90","status":"publish","type":"product","link":"https:\/\/tilefly.com\/fr\/produit\/chevy-turquoise-rect-30x90\/","title":{"rendered":"CHEVY TURQUOISE RECT 30X90"},"content":{"rendered":"<h2><strong>CHEVY TURQUOISE RECT 30X90<\/strong><\/h2><p>Avec sa couleur turquoise vibrante et sa finition mate, ce rev\u00eatement mural est une option rafra\u00eechissante pour ajouter une touche de vie et de modernit\u00e9 \u00e0 n&#8217;importe quel espace, id\u00e9al pour les environnements \u00e0 la recherche d&#8217;un style audacieux et frais.<\/p>","protected":false},"excerpt":{"rendered":"<p>CHEVY TURQUOISE RECT 30X90Avec sa couleur turquoise vibrante et sa finition mate, ce rev\u00eatement mural est une option rafra\u00eechissante pour ajouter une touche de vie et de modernit\u00e9 \u00e0 n&#8217;importe quel espace, id\u00e9al pour les environnements \u00e0 la recherche d&#8217;un style audacieux et frais.<\/p>\n","protected":false},"featured_media":540753,"comment_status":"open","ping_status":"closed","template":"","meta":[],"product_brand":[],"product_cat":[355,356,354],"product_tag":[],"class_list":{"0":"post-543549","1":"product","2":"type-product","3":"status-publish","4":"has-post-thumbnail","6":"product_cat-cuisines","7":"product_cat-faiences","8":"product_cat-carrelage-salle-de-bain","10":"first","11":"instock","12":"shipping-taxable","13":"purchasable","14":"product-type-simple"},"_links":{"self":[{"href":"https:\/\/tilefly.com\/fr\/wp-json\/wp\/v2\/product\/543549","targetHints":{"allow":["GET"]}}],"collection":[{"href":"https:\/\/tilefly.com\/fr\/wp-json\/wp\/v2\/product"}],"about":[{"href":"https:\/\/tilefly.com\/fr\/wp-json\/wp\/v2\/types\/product"}],"replies":[{"embeddable":true,"href":"https:\/\/tilefly.com\/fr\/wp-json\/wp\/v2\/comments?post=543549"}],"wp:featuredmedia":[{"embeddable":true,"href":"https:\/\/tilefly.com\/fr\/wp-json\/wp\/v2\/media\/540753"}],"wp:attachment":[{"href":"https:\/\/tilefly.com\/fr\/wp-json\/wp\/v2\/media?parent=543549"}],"wp:term":[{"taxonomy":"product_brand","embeddable":true,"href":"https:\/\/tilefly.com\/fr\/wp-json\/wp\/v2\/product_brand?post=543549"},{"taxonomy":"product_cat","embeddable":true,"href":"https:\/\/tilefly.com\/fr\/wp-json\/wp\/v2\/product_cat?post=543549"},{"taxonomy":"product_tag","embeddable":true,"href":"https:\/\/tilefly.com\/fr\/wp-json\/wp\/v2\/product_tag?post=543549"}],"curies":[{"name":"wp","href":"https:\/\/api.w.org\/{rel}","templated":true}]}}