{"id":543539,"date":"2024-11-07T03:20:02","date_gmt":"2024-11-07T02:20:02","guid":{"rendered":"https:\/\/tilefly.com\/producto\/picket-modern-rose-quartz-6x26\/"},"modified":"2024-11-10T19:45:41","modified_gmt":"2024-11-10T18:45:41","slug":"picket-modern-rose-quartz-6x26","status":"publish","type":"product","link":"https:\/\/tilefly.com\/fr\/produit\/picket-modern-rose-quartz-6x26\/","title":{"rendered":"PICKET MODERN ROSE QUARTZ 6X26"},"content":{"rendered":"<h2><strong>PIQUET MODERNE QUARTZ ROSE 6X26<\/strong><\/h2><p>La teinte rose tendre de Picket Modern Rose Quartz 6&#215;26 apporte une touche romantique et contemporaine. Son design en pics et sa finition chatoyante en font un support id\u00e9al pour les motifs imbriqu\u00e9s qui apportent un style chic et moderne. Parfait pour les espaces recherchant une esth\u00e9tique d\u00e9licate et contemporaine.  <\/p>","protected":false},"excerpt":{"rendered":"<p>PIQUET MODERNE QUARTZ ROSE 6X26La teinte rose tendre de Picket Modern Rose Quartz 6&#215;26 apporte une touche romantique et contemporaine. Son design en pics et sa finition chatoyante en font un support id\u00e9al pour les motifs imbriqu\u00e9s qui apportent un style chic et moderne. Parfait pour les espaces recherchant une esth\u00e9tique d\u00e9licate et contemporaine.<\/p>\n","protected":false},"featured_media":540612,"comment_status":"open","ping_status":"closed","template":"","meta":[],"product_brand":[],"product_cat":[353,355,356,354],"product_tag":[],"class_list":{"0":"post-543539","1":"product","2":"type-product","3":"status-publish","4":"has-post-thumbnail","6":"product_cat-carrelage","7":"product_cat-cuisines","8":"product_cat-faiences","9":"product_cat-carrelage-salle-de-bain","11":"first","12":"instock","13":"shipping-taxable","14":"purchasable","15":"product-type-simple"},"_links":{"self":[{"href":"https:\/\/tilefly.com\/fr\/wp-json\/wp\/v2\/product\/543539","targetHints":{"allow":["GET"]}}],"collection":[{"href":"https:\/\/tilefly.com\/fr\/wp-json\/wp\/v2\/product"}],"about":[{"href":"https:\/\/tilefly.com\/fr\/wp-json\/wp\/v2\/types\/product"}],"replies":[{"embeddable":true,"href":"https:\/\/tilefly.com\/fr\/wp-json\/wp\/v2\/comments?post=543539"}],"wp:featuredmedia":[{"embeddable":true,"href":"https:\/\/tilefly.com\/fr\/wp-json\/wp\/v2\/media\/540612"}],"wp:attachment":[{"href":"https:\/\/tilefly.com\/fr\/wp-json\/wp\/v2\/media?parent=543539"}],"wp:term":[{"taxonomy":"product_brand","embeddable":true,"href":"https:\/\/tilefly.com\/fr\/wp-json\/wp\/v2\/product_brand?post=543539"},{"taxonomy":"product_cat","embeddable":true,"href":"https:\/\/tilefly.com\/fr\/wp-json\/wp\/v2\/product_cat?post=543539"},{"taxonomy":"product_tag","embeddable":true,"href":"https:\/\/tilefly.com\/fr\/wp-json\/wp\/v2\/product_tag?post=543539"}],"curies":[{"name":"wp","href":"https:\/\/api.w.org\/{rel}","templated":true}]}}