{"id":543537,"date":"2024-11-07T03:19:56","date_gmt":"2024-11-07T02:19:56","guid":{"rendered":"https:\/\/tilefly.com\/producto\/picket-contemporary-obsidian-6x26\/"},"modified":"2024-11-10T19:45:39","modified_gmt":"2024-11-10T18:45:39","slug":"picket-contemporary-obsidian-6x26","status":"publish","type":"product","link":"https:\/\/tilefly.com\/fr\/produit\/picket-contemporary-obsidian-6x26\/","title":{"rendered":"PICKET CONTEMPORARY OBSIDIAN 6X26"},"content":{"rendered":"<h2><strong>PIQUET CONTEMPORAIN OBSIDIENNE 6X26<\/strong><\/h2><p>Picket Contemporary Obsidian 6&#215;26, dans un ton gris fonc\u00e9, ajoute un style audacieux et contemporain. Son design en pointe permet de cr\u00e9er facilement des motifs uniques en assemblant les pi\u00e8ces. Ce carreau mat et antid\u00e9rapant est parfait pour ceux qui recherchent une esth\u00e9tique saisissante et moderne dans n&#8217;importe quel environnement.  <\/p>","protected":false},"excerpt":{"rendered":"<p>PIQUET CONTEMPORAIN OBSIDIENNE 6X26Picket Contemporary Obsidian 6&#215;26, dans un ton gris fonc\u00e9, ajoute un style audacieux et contemporain. Son design en pointe permet de cr\u00e9er facilement des motifs uniques en assemblant les pi\u00e8ces. Ce carreau mat et antid\u00e9rapant est parfait pour ceux qui recherchent une esth\u00e9tique saisissante et moderne dans n&#8217;importe quel environnement.<\/p>\n","protected":false},"featured_media":540586,"comment_status":"open","ping_status":"closed","template":"","meta":[],"product_brand":[],"product_cat":[353,355,356,354],"product_tag":[],"class_list":{"0":"post-543537","1":"product","2":"type-product","3":"status-publish","4":"has-post-thumbnail","6":"product_cat-carrelage","7":"product_cat-cuisines","8":"product_cat-faiences","9":"product_cat-carrelage-salle-de-bain","11":"first","12":"instock","13":"shipping-taxable","14":"purchasable","15":"product-type-simple"},"_links":{"self":[{"href":"https:\/\/tilefly.com\/fr\/wp-json\/wp\/v2\/product\/543537","targetHints":{"allow":["GET"]}}],"collection":[{"href":"https:\/\/tilefly.com\/fr\/wp-json\/wp\/v2\/product"}],"about":[{"href":"https:\/\/tilefly.com\/fr\/wp-json\/wp\/v2\/types\/product"}],"replies":[{"embeddable":true,"href":"https:\/\/tilefly.com\/fr\/wp-json\/wp\/v2\/comments?post=543537"}],"wp:featuredmedia":[{"embeddable":true,"href":"https:\/\/tilefly.com\/fr\/wp-json\/wp\/v2\/media\/540586"}],"wp:attachment":[{"href":"https:\/\/tilefly.com\/fr\/wp-json\/wp\/v2\/media?parent=543537"}],"wp:term":[{"taxonomy":"product_brand","embeddable":true,"href":"https:\/\/tilefly.com\/fr\/wp-json\/wp\/v2\/product_brand?post=543537"},{"taxonomy":"product_cat","embeddable":true,"href":"https:\/\/tilefly.com\/fr\/wp-json\/wp\/v2\/product_cat?post=543537"},{"taxonomy":"product_tag","embeddable":true,"href":"https:\/\/tilefly.com\/fr\/wp-json\/wp\/v2\/product_tag?post=543537"}],"curies":[{"name":"wp","href":"https:\/\/api.w.org\/{rel}","templated":true}]}}