{"id":543530,"date":"2024-11-07T03:19:53","date_gmt":"2024-11-07T02:19:53","guid":{"rendered":"https:\/\/tilefly.com\/producto\/picket-contemporary-aqua-sea-6x26\/"},"modified":"2024-11-10T19:45:33","modified_gmt":"2024-11-10T18:45:33","slug":"picket-contemporary-aqua-sea-6x26","status":"publish","type":"product","link":"https:\/\/tilefly.com\/fr\/produit\/picket-contemporary-aqua-sea-6x26\/","title":{"rendered":"PICKET CONTEMPORARY AQUA SEA 6X26"},"content":{"rendered":"<h2><strong>PIQUET CONTEMPORAIN AQUA SEA 6X26<\/strong><\/h2><p>Carreaux contemporains Picket Aqua Sea 6&#215;26 Les carreaux contemporains Picket Aqua Sea en aqua vibrant constituent un choix audacieux et frais. Sa forme en pointe permet aux pi\u00e8ces de s&#8217;imbriquer les unes dans les autres pour cr\u00e9er des motifs dynamiques et modernes. Avec une finition mate et une surface antid\u00e9rapante, il est id\u00e9al pour les espaces recherchant un style audacieux et confiant.  <\/p>","protected":false},"excerpt":{"rendered":"<p>PIQUET CONTEMPORAIN AQUA SEA 6X26Carreaux contemporains Picket Aqua Sea 6&#215;26 Les carreaux contemporains Picket Aqua Sea en aqua vibrant constituent un choix audacieux et frais. Sa forme en pointe permet aux pi\u00e8ces de s&#8217;imbriquer les unes dans les autres pour cr\u00e9er des motifs dynamiques et modernes. Avec une finition mate et une surface antid\u00e9rapante, il [&hellip;]<\/p>\n","protected":false},"featured_media":540573,"comment_status":"open","ping_status":"closed","template":"","meta":[],"product_brand":[],"product_cat":[353,355,356,354],"product_tag":[],"class_list":{"0":"post-543530","1":"product","2":"type-product","3":"status-publish","4":"has-post-thumbnail","6":"product_cat-carrelage","7":"product_cat-cuisines","8":"product_cat-faiences","9":"product_cat-carrelage-salle-de-bain","11":"first","12":"instock","13":"shipping-taxable","14":"purchasable","15":"product-type-simple"},"_links":{"self":[{"href":"https:\/\/tilefly.com\/fr\/wp-json\/wp\/v2\/product\/543530","targetHints":{"allow":["GET"]}}],"collection":[{"href":"https:\/\/tilefly.com\/fr\/wp-json\/wp\/v2\/product"}],"about":[{"href":"https:\/\/tilefly.com\/fr\/wp-json\/wp\/v2\/types\/product"}],"replies":[{"embeddable":true,"href":"https:\/\/tilefly.com\/fr\/wp-json\/wp\/v2\/comments?post=543530"}],"wp:featuredmedia":[{"embeddable":true,"href":"https:\/\/tilefly.com\/fr\/wp-json\/wp\/v2\/media\/540573"}],"wp:attachment":[{"href":"https:\/\/tilefly.com\/fr\/wp-json\/wp\/v2\/media?parent=543530"}],"wp:term":[{"taxonomy":"product_brand","embeddable":true,"href":"https:\/\/tilefly.com\/fr\/wp-json\/wp\/v2\/product_brand?post=543530"},{"taxonomy":"product_cat","embeddable":true,"href":"https:\/\/tilefly.com\/fr\/wp-json\/wp\/v2\/product_cat?post=543530"},{"taxonomy":"product_tag","embeddable":true,"href":"https:\/\/tilefly.com\/fr\/wp-json\/wp\/v2\/product_tag?post=543530"}],"curies":[{"name":"wp","href":"https:\/\/api.w.org\/{rel}","templated":true}]}}