{"id":543529,"date":"2024-11-07T03:20:28","date_gmt":"2024-11-07T02:20:28","guid":{"rendered":"https:\/\/tilefly.com\/producto\/picket-modern-white-6x26\/"},"modified":"2024-11-10T19:45:06","modified_gmt":"2024-11-10T18:45:06","slug":"picket-modern-white-6x26","status":"publish","type":"product","link":"https:\/\/tilefly.com\/fr\/produit\/picket-modern-white-6x26\/","title":{"rendered":"PICKET MODERN WHITE 6X26"},"content":{"rendered":"<h2><strong>PIQUET MODERNE BLANC 6X26<\/strong><\/h2><p>Picket Modern White 6&#215;26, en blanc brillant, allie simplicit\u00e9 et \u00e9l\u00e9gance. Son design en pointes permet aux pi\u00e8ces de s&#8217;int\u00e9grer dans des motifs modernes, en apportant luminosit\u00e9 et style. Id\u00e9al pour ceux qui recherchent une esth\u00e9tique sophistiqu\u00e9e et polyvalente dans n&#8217;importe quel environnement.  <\/p>","protected":false},"excerpt":{"rendered":"<p>PIQUET MODERNE BLANC 6X26Picket Modern White 6&#215;26, en blanc brillant, allie simplicit\u00e9 et \u00e9l\u00e9gance. Son design en pointes permet aux pi\u00e8ces de s&#8217;int\u00e9grer dans des motifs modernes, en apportant luminosit\u00e9 et style. Id\u00e9al pour ceux qui recherchent une esth\u00e9tique sophistiqu\u00e9e et polyvalente dans n&#8217;importe quel environnement.<\/p>\n","protected":false},"featured_media":540716,"comment_status":"open","ping_status":"closed","template":"","meta":[],"product_brand":[],"product_cat":[353,355,356,354],"product_tag":[],"class_list":{"0":"post-543529","1":"product","2":"type-product","3":"status-publish","4":"has-post-thumbnail","6":"product_cat-carrelage","7":"product_cat-cuisines","8":"product_cat-faiences","9":"product_cat-carrelage-salle-de-bain","11":"first","12":"instock","13":"shipping-taxable","14":"purchasable","15":"product-type-simple"},"_links":{"self":[{"href":"https:\/\/tilefly.com\/fr\/wp-json\/wp\/v2\/product\/543529","targetHints":{"allow":["GET"]}}],"collection":[{"href":"https:\/\/tilefly.com\/fr\/wp-json\/wp\/v2\/product"}],"about":[{"href":"https:\/\/tilefly.com\/fr\/wp-json\/wp\/v2\/types\/product"}],"replies":[{"embeddable":true,"href":"https:\/\/tilefly.com\/fr\/wp-json\/wp\/v2\/comments?post=543529"}],"wp:featuredmedia":[{"embeddable":true,"href":"https:\/\/tilefly.com\/fr\/wp-json\/wp\/v2\/media\/540716"}],"wp:attachment":[{"href":"https:\/\/tilefly.com\/fr\/wp-json\/wp\/v2\/media?parent=543529"}],"wp:term":[{"taxonomy":"product_brand","embeddable":true,"href":"https:\/\/tilefly.com\/fr\/wp-json\/wp\/v2\/product_brand?post=543529"},{"taxonomy":"product_cat","embeddable":true,"href":"https:\/\/tilefly.com\/fr\/wp-json\/wp\/v2\/product_cat?post=543529"},{"taxonomy":"product_tag","embeddable":true,"href":"https:\/\/tilefly.com\/fr\/wp-json\/wp\/v2\/product_tag?post=543529"}],"curies":[{"name":"wp","href":"https:\/\/api.w.org\/{rel}","templated":true}]}}