{"id":543523,"date":"2024-11-07T03:20:26","date_gmt":"2024-11-07T02:20:26","guid":{"rendered":"https:\/\/tilefly.com\/producto\/picket-contemporary-white-6x26\/"},"modified":"2024-11-10T19:44:59","modified_gmt":"2024-11-10T18:44:59","slug":"picket-contemporary-white-6x26","status":"publish","type":"product","link":"https:\/\/tilefly.com\/fr\/produit\/picket-contemporary-white-6x26\/","title":{"rendered":"PICKET CONTEMPORARY WHITE 6X26"},"content":{"rendered":"<h2><strong>PIQUET CONTEMPORAIN BLANC 6X26<\/strong><\/h2><p>D&#8217;un blanc pur, le carrelage Picket Contemporary White 6&#215;26 se distingue par son design en pics, qui permet de cr\u00e9er des motifs modernes et imbriqu\u00e9s. Avec une finition mate et une surface antid\u00e9rapante, c&#8217;est un choix s\u00fbr et \u00e9l\u00e9gant, parfait pour les espaces \u00e0 la recherche d&#8217;une esth\u00e9tique propre et contemporaine. <\/p>","protected":false},"excerpt":{"rendered":"<p>PIQUET CONTEMPORAIN BLANC 6X26D&#8217;un blanc pur, le carrelage Picket Contemporary White 6&#215;26 se distingue par son design en pics, qui permet de cr\u00e9er des motifs modernes et imbriqu\u00e9s. Avec une finition mate et une surface antid\u00e9rapante, c&#8217;est un choix s\u00fbr et \u00e9l\u00e9gant, parfait pour les espaces \u00e0 la recherche d&#8217;une esth\u00e9tique propre et contemporaine.<\/p>\n","protected":false},"featured_media":540703,"comment_status":"open","ping_status":"closed","template":"","meta":[],"product_brand":[],"product_cat":[353,355,356,354],"product_tag":[],"class_list":{"0":"post-543523","1":"product","2":"type-product","3":"status-publish","4":"has-post-thumbnail","6":"product_cat-carrelage","7":"product_cat-cuisines","8":"product_cat-faiences","9":"product_cat-carrelage-salle-de-bain","11":"first","12":"instock","13":"shipping-taxable","14":"purchasable","15":"product-type-simple"},"_links":{"self":[{"href":"https:\/\/tilefly.com\/fr\/wp-json\/wp\/v2\/product\/543523","targetHints":{"allow":["GET"]}}],"collection":[{"href":"https:\/\/tilefly.com\/fr\/wp-json\/wp\/v2\/product"}],"about":[{"href":"https:\/\/tilefly.com\/fr\/wp-json\/wp\/v2\/types\/product"}],"replies":[{"embeddable":true,"href":"https:\/\/tilefly.com\/fr\/wp-json\/wp\/v2\/comments?post=543523"}],"wp:featuredmedia":[{"embeddable":true,"href":"https:\/\/tilefly.com\/fr\/wp-json\/wp\/v2\/media\/540703"}],"wp:attachment":[{"href":"https:\/\/tilefly.com\/fr\/wp-json\/wp\/v2\/media?parent=543523"}],"wp:term":[{"taxonomy":"product_brand","embeddable":true,"href":"https:\/\/tilefly.com\/fr\/wp-json\/wp\/v2\/product_brand?post=543523"},{"taxonomy":"product_cat","embeddable":true,"href":"https:\/\/tilefly.com\/fr\/wp-json\/wp\/v2\/product_cat?post=543523"},{"taxonomy":"product_tag","embeddable":true,"href":"https:\/\/tilefly.com\/fr\/wp-json\/wp\/v2\/product_tag?post=543523"}],"curies":[{"name":"wp","href":"https:\/\/api.w.org\/{rel}","templated":true}]}}