{"id":543520,"date":"2024-11-07T03:20:18","date_gmt":"2024-11-07T02:20:18","guid":{"rendered":"https:\/\/tilefly.com\/producto\/picket-modern-aqua-sea-6x26\/"},"modified":"2024-11-10T19:44:57","modified_gmt":"2024-11-10T18:44:57","slug":"picket-modern-aqua-sea-6x26","status":"publish","type":"product","link":"https:\/\/tilefly.com\/fr\/produit\/picket-modern-aqua-sea-6x26\/","title":{"rendered":"PICKET MODERN AQUA SEA 6X26"},"content":{"rendered":"<h2><strong>PIQUET MODERNE AQUA SEA 6X26<\/strong><\/h2><p>Le ton aqua vibrant de Picket Modern Aqua Sea 6&#215;26 ajoute de la fra\u00eecheur et de l&#8217;\u00e9nergie \u00e0 n&#8217;importe quel espace. Son design en pointe et sa finition brillante permettent de cr\u00e9er des motifs modernes et dynamiques, id\u00e9aux pour les environnements qui souhaitent une touche innovante et unique. <\/p>","protected":false},"excerpt":{"rendered":"<p>PIQUET MODERNE AQUA SEA 6X26Le ton aqua vibrant de Picket Modern Aqua Sea 6&#215;26 ajoute de la fra\u00eecheur et de l&#8217;\u00e9nergie \u00e0 n&#8217;importe quel espace. Son design en pointe et sa finition brillante permettent de cr\u00e9er des motifs modernes et dynamiques, id\u00e9aux pour les environnements qui souhaitent une touche innovante et unique.<\/p>\n","protected":false},"featured_media":540677,"comment_status":"open","ping_status":"closed","template":"","meta":[],"product_brand":[],"product_cat":[353,355,356,354],"product_tag":[],"class_list":{"0":"post-543520","1":"product","2":"type-product","3":"status-publish","4":"has-post-thumbnail","6":"product_cat-carrelage","7":"product_cat-cuisines","8":"product_cat-faiences","9":"product_cat-carrelage-salle-de-bain","11":"first","12":"instock","13":"shipping-taxable","14":"purchasable","15":"product-type-simple"},"_links":{"self":[{"href":"https:\/\/tilefly.com\/fr\/wp-json\/wp\/v2\/product\/543520","targetHints":{"allow":["GET"]}}],"collection":[{"href":"https:\/\/tilefly.com\/fr\/wp-json\/wp\/v2\/product"}],"about":[{"href":"https:\/\/tilefly.com\/fr\/wp-json\/wp\/v2\/types\/product"}],"replies":[{"embeddable":true,"href":"https:\/\/tilefly.com\/fr\/wp-json\/wp\/v2\/comments?post=543520"}],"wp:featuredmedia":[{"embeddable":true,"href":"https:\/\/tilefly.com\/fr\/wp-json\/wp\/v2\/media\/540677"}],"wp:attachment":[{"href":"https:\/\/tilefly.com\/fr\/wp-json\/wp\/v2\/media?parent=543520"}],"wp:term":[{"taxonomy":"product_brand","embeddable":true,"href":"https:\/\/tilefly.com\/fr\/wp-json\/wp\/v2\/product_brand?post=543520"},{"taxonomy":"product_cat","embeddable":true,"href":"https:\/\/tilefly.com\/fr\/wp-json\/wp\/v2\/product_cat?post=543520"},{"taxonomy":"product_tag","embeddable":true,"href":"https:\/\/tilefly.com\/fr\/wp-json\/wp\/v2\/product_tag?post=543520"}],"curies":[{"name":"wp","href":"https:\/\/api.w.org\/{rel}","templated":true}]}}