{"id":543513,"date":"2024-11-10T19:24:37","date_gmt":"2024-11-10T18:44:50","guid":{"rendered":"https:\/\/tilefly.com\/producto\/manacor\/"},"modified":"2024-11-10T19:44:50","modified_gmt":"2024-11-10T18:44:50","slug":"manacor","status":"publish","type":"product","link":"https:\/\/tilefly.com\/fr\/produit\/manacor\/","title":{"rendered":"MANACOR"},"content":{"rendered":"<h2>S\u00e9rie Manacor<br \/><\/h2><p>La s\u00e9rie Manacor de Carmen True Tiles est une collection qui rend hommage \u00e0 l&#8217;artisanat traditionnel de la c\u00e9ramique, r\u00e9interpr\u00e9tant les classiques avec une touche de modernit\u00e9. Inspir\u00e9e des designs d&#8217;antan, Manacor se distingue par ses finitions brillantes et d\u00e9cor\u00e9es, ce qui lui conf\u00e8re une esth\u00e9tique unique et polyvalente qui s&#8217;adapte \u00e0 diff\u00e9rents styles de d\u00e9coration. Chaque pi\u00e8ce de la s\u00e9rie, d&#8217;un format de 11,8 x 11,8 cm, est con\u00e7ue pour capturer l&#8217;essence de la c\u00e9ramique artisanale tout en introduisant des \u00e9l\u00e9ments de design contemporains qui font de cette collection un choix id\u00e9al pour ceux qui recherchent un \u00e9quilibre entre tradition et modernit\u00e9.  <\/p><p>L&#8217;attrait de la s\u00e9rie Manacor r\u00e9side dans sa finition brillante, qui refl\u00e8te subtilement la lumi\u00e8re, apportant luminosit\u00e9 et profondeur aux espaces. Cette brillance permet \u00e0 chaque carreau de se d\u00e9marquer individuellement, tout en compl\u00e9tant harmonieusement d&#8217;autres pi\u00e8ces de la collection ou diff\u00e9rents \u00e9l\u00e9ments d\u00e9coratifs. En outre, la finition d\u00e9cor\u00e9e de chaque pi\u00e8ce ajoute une texture visuelle qui enrichit l&#8217;espace, apportant une touche de sophistication et d&#8217;\u00e9l\u00e9gance qui rehausse le design g\u00e9n\u00e9ral de n&#8217;importe quelle pi\u00e8ce.<\/p><p>La vari\u00e9t\u00e9 des couleurs de la s\u00e9rie Manacor est un autre de ses points forts. Des tons neutres comme le blanc et le gris aux couleurs vives comme le bleu, le marine et le vert, cette s\u00e9rie offre des options qui conviennent \u00e0 tous les go\u00fbts et \u00e0 tous les styles. Manacor White est une option parfaite pour ceux qui recherchent un fond neutre qui apporte de l&#8217;espace et de la clart\u00e9, id\u00e9al pour les salles de bains et les cuisines de style minimaliste ou contemporain. Manacor Navy et Manacor Night, en revanche, apportent profondeur et sophistication, parfaits pour cr\u00e9er des contrastes ou pour les espaces qui recherchent une touche d&#8217;\u00e9l\u00e9gance et de drame. Manacor Blue, Acqua et Green apportent fra\u00eecheur et vitalit\u00e9, id\u00e9ales pour ceux qui souhaitent une touche de couleur qui transmette \u00e9nergie et modernit\u00e9.<\/p><p>L&#8217;une des caract\u00e9ristiques de cette s\u00e9rie est sa capacit\u00e9 \u00e0 combiner les formats et les couleurs, ce qui permet de cr\u00e9er des compositions uniques et personnalis\u00e9es. Les architectes d&#8217;int\u00e9rieur et les d\u00e9corateurs trouvent en Manacor un outil formidable pour donner de la personnalit\u00e9 \u00e0 chaque projet, car ils peuvent jouer avec les couleurs et les motifs de pose pour s&#8217;adapter \u00e0 diff\u00e9rents styles, du classique et rustique au moderne et minimaliste. Les combinaisons possibles permettent de transformer chaque pi\u00e8ce en un espace unique qui refl\u00e8te le style et la personnalit\u00e9 de l&#8217;utilisateur.<\/p><p>La s\u00e9rie Manacor est id\u00e9ale pour les salles de bains et les cuisines, o\u00f9 la r\u00e9sistance et la facilit\u00e9 de nettoyage sont essentielles. La surface brillante facilite l&#8217;entretien et la finition d\u00e9cor\u00e9e ajoute une couche suppl\u00e9mentaire d&#8217;int\u00e9r\u00eat visuel qui donne vie aux espaces les plus petits. Son format carr\u00e9 compact de 11,8 x 11,8 cm lui permet d&#8217;\u00eatre pos\u00e9 en mosa\u00efque, ajoutant ainsi dynamisme et texture \u00e0 l&#8217;espace. En outre, gr\u00e2ce \u00e0 sa robustesse et \u00e0 sa polyvalence, la s\u00e9rie Manacor est \u00e9galement adapt\u00e9e aux zones \u00e0 fort trafic, offrant ainsi une solution durable et de qualit\u00e9.<\/p><p>Cette collection se distingue non seulement par sa beaut\u00e9 visuelle, mais aussi par son lien avec la tradition artisanale de la c\u00e9ramique. Carmen True Tiles a r\u00e9ussi \u00e0 capturer l&#8217;esprit de la c\u00e9ramique d&#8217;antan, en respectant ses techniques et son essence, tout en introduisant des innovations qui l&#8217;adaptent aux tendances actuelles. La s\u00e9rie Manacor refl\u00e8te un engagement envers la qualit\u00e9 et le design, offrant une collection qui c\u00e9l\u00e8bre l&#8217;art de la c\u00e9ramique et sa capacit\u00e9 \u00e0 transformer les espaces.<\/p>","protected":false},"excerpt":{"rendered":"<p>S\u00e9rie ManacorLa s\u00e9rie Manacor de Carmen True Tiles est une collection qui rend hommage \u00e0 l&#8217;artisanat traditionnel de la c\u00e9ramique, r\u00e9interpr\u00e9tant les classiques avec une touche de modernit\u00e9. Inspir\u00e9e des designs d&#8217;antan, Manacor se distingue par ses finitions brillantes et d\u00e9cor\u00e9es, ce qui lui conf\u00e8re une esth\u00e9tique unique et polyvalente qui s&#8217;adapte \u00e0 diff\u00e9rents styles [&hellip;]<\/p>\n","protected":false},"featured_media":543172,"comment_status":"closed","ping_status":"closed","template":"","meta":[],"product_brand":[],"product_cat":[353,355,356,354,357],"product_tag":[],"class_list":{"0":"post-543513","1":"product","2":"type-product","3":"status-publish","4":"has-post-thumbnail","6":"product_cat-carrelage","7":"product_cat-cuisines","8":"product_cat-faiences","9":"product_cat-carrelage-salle-de-bain","10":"product_cat-carrelage-salon","12":"first","13":"instock","14":"shipping-taxable","15":"product-type-grouped"},"_links":{"self":[{"href":"https:\/\/tilefly.com\/fr\/wp-json\/wp\/v2\/product\/543513","targetHints":{"allow":["GET"]}}],"collection":[{"href":"https:\/\/tilefly.com\/fr\/wp-json\/wp\/v2\/product"}],"about":[{"href":"https:\/\/tilefly.com\/fr\/wp-json\/wp\/v2\/types\/product"}],"replies":[{"embeddable":true,"href":"https:\/\/tilefly.com\/fr\/wp-json\/wp\/v2\/comments?post=543513"}],"wp:featuredmedia":[{"embeddable":true,"href":"https:\/\/tilefly.com\/fr\/wp-json\/wp\/v2\/media\/543172"}],"wp:attachment":[{"href":"https:\/\/tilefly.com\/fr\/wp-json\/wp\/v2\/media?parent=543513"}],"wp:term":[{"taxonomy":"product_brand","embeddable":true,"href":"https:\/\/tilefly.com\/fr\/wp-json\/wp\/v2\/product_brand?post=543513"},{"taxonomy":"product_cat","embeddable":true,"href":"https:\/\/tilefly.com\/fr\/wp-json\/wp\/v2\/product_cat?post=543513"},{"taxonomy":"product_tag","embeddable":true,"href":"https:\/\/tilefly.com\/fr\/wp-json\/wp\/v2\/product_tag?post=543513"}],"curies":[{"name":"wp","href":"https:\/\/api.w.org\/{rel}","templated":true}]}}