{"id":543502,"date":"2024-11-10T19:17:43","date_gmt":"2024-11-10T18:17:43","guid":{"rendered":"https:\/\/tilefly.com\/producto\/hexa-manacor-navy-139x16\/"},"modified":"2024-11-10T19:44:41","modified_gmt":"2024-11-10T18:44:41","slug":"hexa-manacor-navy-139x16","status":"publish","type":"product","link":"https:\/\/tilefly.com\/fr\/produit\/hexa-manacor-navy-139x16\/","title":{"rendered":"HEXA MANACOR NAVY 13,9X16"},"content":{"rendered":"<h2><strong>HEXA MANACOR NAVY 13,9X16<\/strong><\/h2><p>Le carrelage Hexa Manacor Navy, de couleur bleu marine et de format hexagonal, est parfait pour ceux qui souhaitent une touche d&#8217;\u00e9l\u00e9gance et de profondeur. Sa finition mate et sa d\u00e9coration subtile font de cette pi\u00e8ce de 13,9&#215;16 cm un choix sophistiqu\u00e9 pour le sol de la salle de bain et de la cuisine. Id\u00e9ale pour cr\u00e9er des contrastes ou comme toile de fond \u00e9l\u00e9gante, sa couleur marine donne du caract\u00e8re \u00e0 tous les espaces.  <\/p>","protected":false},"excerpt":{"rendered":"<p>HEXA MANACOR NAVY 13,9X16Le carrelage Hexa Manacor Navy, de couleur bleu marine et de format hexagonal, est parfait pour ceux qui souhaitent une touche d&#8217;\u00e9l\u00e9gance et de profondeur. Sa finition mate et sa d\u00e9coration subtile font de cette pi\u00e8ce de 13,9&#215;16 cm un choix sophistiqu\u00e9 pour le sol de la salle de bain et de [&hellip;]<\/p>\n","protected":false},"featured_media":543179,"comment_status":"open","ping_status":"closed","template":"","meta":[],"product_brand":[],"product_cat":[353,355,356,354],"product_tag":[],"class_list":{"0":"post-543502","1":"product","2":"type-product","3":"status-publish","4":"has-post-thumbnail","6":"product_cat-carrelage","7":"product_cat-cuisines","8":"product_cat-faiences","9":"product_cat-carrelage-salle-de-bain","11":"first","12":"instock","13":"shipping-taxable","14":"purchasable","15":"product-type-simple"},"_links":{"self":[{"href":"https:\/\/tilefly.com\/fr\/wp-json\/wp\/v2\/product\/543502","targetHints":{"allow":["GET"]}}],"collection":[{"href":"https:\/\/tilefly.com\/fr\/wp-json\/wp\/v2\/product"}],"about":[{"href":"https:\/\/tilefly.com\/fr\/wp-json\/wp\/v2\/types\/product"}],"replies":[{"embeddable":true,"href":"https:\/\/tilefly.com\/fr\/wp-json\/wp\/v2\/comments?post=543502"}],"wp:featuredmedia":[{"embeddable":true,"href":"https:\/\/tilefly.com\/fr\/wp-json\/wp\/v2\/media\/543179"}],"wp:attachment":[{"href":"https:\/\/tilefly.com\/fr\/wp-json\/wp\/v2\/media?parent=543502"}],"wp:term":[{"taxonomy":"product_brand","embeddable":true,"href":"https:\/\/tilefly.com\/fr\/wp-json\/wp\/v2\/product_brand?post=543502"},{"taxonomy":"product_cat","embeddable":true,"href":"https:\/\/tilefly.com\/fr\/wp-json\/wp\/v2\/product_cat?post=543502"},{"taxonomy":"product_tag","embeddable":true,"href":"https:\/\/tilefly.com\/fr\/wp-json\/wp\/v2\/product_tag?post=543502"}],"curies":[{"name":"wp","href":"https:\/\/api.w.org\/{rel}","templated":true}]}}