{"id":543492,"date":"2024-11-10T19:17:13","date_gmt":"2024-11-10T18:17:13","guid":{"rendered":"https:\/\/tilefly.com\/producto\/hexa-manacor-acqua-139x16\/"},"modified":"2024-11-10T19:43:50","modified_gmt":"2024-11-10T18:43:50","slug":"hexa-manacor-acqua-139x16","status":"publish","type":"product","link":"https:\/\/tilefly.com\/fr\/produit\/hexa-manacor-acqua-139x16\/","title":{"rendered":"HEXA MANACOR ACQUA 13,9X16"},"content":{"rendered":"<h2><strong>HEXA MANACOR ACQUA 13,9X16<\/strong><\/h2><p>Hexa Manacor Acqua, de couleur aqua et de format hexagonal de 13,9 x 16 cm, apporte fra\u00eecheur et dynamisme aux espaces. Sa finition mate et son design d\u00e9cor\u00e9 capturent l&#8217;essence de la c\u00e9ramique artisanale, tandis que sa forme hexagonale permet de cr\u00e9er des motifs visuels int\u00e9ressants. Id\u00e9al pour les sols de salle de Bain et de cuisine, ce carrelage apporte une touche moderne et vibrante qui transforme tout espace en un environnement plein de s\u00e9r\u00e9nit\u00e9 et de style.  <\/p>","protected":false},"excerpt":{"rendered":"<p>HEXA MANACOR ACQUA 13,9X16Hexa Manacor Acqua, de couleur aqua et de format hexagonal de 13,9 x 16 cm, apporte fra\u00eecheur et dynamisme aux espaces. Sa finition mate et son design d\u00e9cor\u00e9 capturent l&#8217;essence de la c\u00e9ramique artisanale, tandis que sa forme hexagonale permet de cr\u00e9er des motifs visuels int\u00e9ressants. Id\u00e9al pour les sols de salle [&hellip;]<\/p>\n","protected":false},"featured_media":543127,"comment_status":"open","ping_status":"closed","template":"","meta":[],"product_brand":[],"product_cat":[353,355,356,354],"product_tag":[],"class_list":{"0":"post-543492","1":"product","2":"type-product","3":"status-publish","4":"has-post-thumbnail","6":"product_cat-carrelage","7":"product_cat-cuisines","8":"product_cat-faiences","9":"product_cat-carrelage-salle-de-bain","11":"first","12":"instock","13":"shipping-taxable","14":"purchasable","15":"product-type-simple"},"_links":{"self":[{"href":"https:\/\/tilefly.com\/fr\/wp-json\/wp\/v2\/product\/543492","targetHints":{"allow":["GET"]}}],"collection":[{"href":"https:\/\/tilefly.com\/fr\/wp-json\/wp\/v2\/product"}],"about":[{"href":"https:\/\/tilefly.com\/fr\/wp-json\/wp\/v2\/types\/product"}],"replies":[{"embeddable":true,"href":"https:\/\/tilefly.com\/fr\/wp-json\/wp\/v2\/comments?post=543492"}],"wp:featuredmedia":[{"embeddable":true,"href":"https:\/\/tilefly.com\/fr\/wp-json\/wp\/v2\/media\/543127"}],"wp:attachment":[{"href":"https:\/\/tilefly.com\/fr\/wp-json\/wp\/v2\/media?parent=543492"}],"wp:term":[{"taxonomy":"product_brand","embeddable":true,"href":"https:\/\/tilefly.com\/fr\/wp-json\/wp\/v2\/product_brand?post=543492"},{"taxonomy":"product_cat","embeddable":true,"href":"https:\/\/tilefly.com\/fr\/wp-json\/wp\/v2\/product_cat?post=543492"},{"taxonomy":"product_tag","embeddable":true,"href":"https:\/\/tilefly.com\/fr\/wp-json\/wp\/v2\/product_tag?post=543492"}],"curies":[{"name":"wp","href":"https:\/\/api.w.org\/{rel}","templated":true}]}}