{"id":543478,"date":"2024-11-10T19:16:56","date_gmt":"2024-11-10T18:16:56","guid":{"rendered":"https:\/\/tilefly.com\/producto\/petra-green-118x118\/"},"modified":"2024-11-10T19:43:38","modified_gmt":"2024-11-10T18:43:38","slug":"petra-green-118x118","status":"publish","type":"product","link":"https:\/\/tilefly.com\/fr\/produit\/petra-green-118x118\/","title":{"rendered":"PETRA GREEN 11,8X11,8"},"content":{"rendered":"<h2><strong>VERT PETRA 11,8X11,8<\/strong><\/h2><p>Petra Green offre une \u00e9l\u00e9gante nuance de vert, id\u00e9ale pour ceux qui souhaitent int\u00e9grer la fra\u00eecheur de la nature dans leur d\u00e9cor. Sa finition brillante et son design d\u00e9cor\u00e9 offrent une esth\u00e9tique subtile et raffin\u00e9e, parfaite pour les salles de Bain, les cuisines ou les espaces qui recherchent un style moderne avec une touche naturelle. Ce carreau de 11,8&#215;11,8 cm vous permet de cr\u00e9er des motifs et des combinaisons qui ajoutent du dynamisme et du style \u00e0 n&#8217;importe quel environnement.  <\/p>","protected":false},"excerpt":{"rendered":"<p>VERT PETRA 11,8X11,8Petra Green offre une \u00e9l\u00e9gante nuance de vert, id\u00e9ale pour ceux qui souhaitent int\u00e9grer la fra\u00eecheur de la nature dans leur d\u00e9cor. Sa finition brillante et son design d\u00e9cor\u00e9 offrent une esth\u00e9tique subtile et raffin\u00e9e, parfaite pour les salles de Bain, les cuisines ou les espaces qui recherchent un style moderne avec une [&hellip;]<\/p>\n","protected":false},"featured_media":543075,"comment_status":"open","ping_status":"closed","template":"","meta":[],"product_brand":[],"product_cat":[355,356,354],"product_tag":[],"class_list":{"0":"post-543478","1":"product","2":"type-product","3":"status-publish","4":"has-post-thumbnail","6":"product_cat-cuisines","7":"product_cat-faiences","8":"product_cat-carrelage-salle-de-bain","10":"first","11":"instock","12":"shipping-taxable","13":"purchasable","14":"product-type-simple"},"_links":{"self":[{"href":"https:\/\/tilefly.com\/fr\/wp-json\/wp\/v2\/product\/543478","targetHints":{"allow":["GET"]}}],"collection":[{"href":"https:\/\/tilefly.com\/fr\/wp-json\/wp\/v2\/product"}],"about":[{"href":"https:\/\/tilefly.com\/fr\/wp-json\/wp\/v2\/types\/product"}],"replies":[{"embeddable":true,"href":"https:\/\/tilefly.com\/fr\/wp-json\/wp\/v2\/comments?post=543478"}],"wp:featuredmedia":[{"embeddable":true,"href":"https:\/\/tilefly.com\/fr\/wp-json\/wp\/v2\/media\/543075"}],"wp:attachment":[{"href":"https:\/\/tilefly.com\/fr\/wp-json\/wp\/v2\/media?parent=543478"}],"wp:term":[{"taxonomy":"product_brand","embeddable":true,"href":"https:\/\/tilefly.com\/fr\/wp-json\/wp\/v2\/product_brand?post=543478"},{"taxonomy":"product_cat","embeddable":true,"href":"https:\/\/tilefly.com\/fr\/wp-json\/wp\/v2\/product_cat?post=543478"},{"taxonomy":"product_tag","embeddable":true,"href":"https:\/\/tilefly.com\/fr\/wp-json\/wp\/v2\/product_tag?post=543478"}],"curies":[{"name":"wp","href":"https:\/\/api.w.org\/{rel}","templated":true}]}}