{"id":543477,"date":"2024-11-10T19:16:48","date_gmt":"2024-11-10T18:16:48","guid":{"rendered":"https:\/\/tilefly.com\/producto\/petra-acqua-118x118\/"},"modified":"2024-11-10T19:43:36","modified_gmt":"2024-11-10T18:43:36","slug":"petra-acqua-118x118","status":"publish","type":"product","link":"https:\/\/tilefly.com\/fr\/produit\/petra-acqua-118x118\/","title":{"rendered":"PETRA ACQUA 11,8X11,8"},"content":{"rendered":"<h2><strong>PETRA ACQUA 11,8X11,8<\/strong><\/h2><p>Dans un ton aqua, Petra Acqua apporte une touche rafra\u00eechissante et moderne \u00e0 tout environnement. Sa finition brillante et sa d\u00e9coration subtile capturent l&#8217;essence de la c\u00e9ramique artisanale, en apportant de la luminosit\u00e9 et une couleur douce qui transmet le calme et l&#8217;\u00e9l\u00e9gance. Avec ses dimensions de 11,8&#215;11,8 cm, elle est id\u00e9ale pour les salles de Bain et les cuisines \u00e0 la recherche d&#8217;une atmosph\u00e8re sereine et \u00e9l\u00e9gante. Parfaitement combinable avec d&#8217;autres teintes de la s\u00e9rie, sa polyvalence vous permet de cr\u00e9er des motifs visuels uniques et harmonieux.   <\/p>","protected":false},"excerpt":{"rendered":"<p>PETRA ACQUA 11,8X11,8Dans un ton aqua, Petra Acqua apporte une touche rafra\u00eechissante et moderne \u00e0 tout environnement. Sa finition brillante et sa d\u00e9coration subtile capturent l&#8217;essence de la c\u00e9ramique artisanale, en apportant de la luminosit\u00e9 et une couleur douce qui transmet le calme et l&#8217;\u00e9l\u00e9gance. Avec ses dimensions de 11,8&#215;11,8 cm, elle est id\u00e9ale pour [&hellip;]<\/p>\n","protected":false},"featured_media":543049,"comment_status":"open","ping_status":"closed","template":"","meta":[],"product_brand":[],"product_cat":[355,356,354],"product_tag":[],"class_list":{"0":"post-543477","1":"product","2":"type-product","3":"status-publish","4":"has-post-thumbnail","6":"product_cat-cuisines","7":"product_cat-faiences","8":"product_cat-carrelage-salle-de-bain","10":"first","11":"instock","12":"shipping-taxable","13":"purchasable","14":"product-type-simple"},"_links":{"self":[{"href":"https:\/\/tilefly.com\/fr\/wp-json\/wp\/v2\/product\/543477","targetHints":{"allow":["GET"]}}],"collection":[{"href":"https:\/\/tilefly.com\/fr\/wp-json\/wp\/v2\/product"}],"about":[{"href":"https:\/\/tilefly.com\/fr\/wp-json\/wp\/v2\/types\/product"}],"replies":[{"embeddable":true,"href":"https:\/\/tilefly.com\/fr\/wp-json\/wp\/v2\/comments?post=543477"}],"wp:featuredmedia":[{"embeddable":true,"href":"https:\/\/tilefly.com\/fr\/wp-json\/wp\/v2\/media\/543049"}],"wp:attachment":[{"href":"https:\/\/tilefly.com\/fr\/wp-json\/wp\/v2\/media?parent=543477"}],"wp:term":[{"taxonomy":"product_brand","embeddable":true,"href":"https:\/\/tilefly.com\/fr\/wp-json\/wp\/v2\/product_brand?post=543477"},{"taxonomy":"product_cat","embeddable":true,"href":"https:\/\/tilefly.com\/fr\/wp-json\/wp\/v2\/product_cat?post=543477"},{"taxonomy":"product_tag","embeddable":true,"href":"https:\/\/tilefly.com\/fr\/wp-json\/wp\/v2\/product_tag?post=543477"}],"curies":[{"name":"wp","href":"https:\/\/api.w.org\/{rel}","templated":true}]}}