{"id":543466,"date":"2024-11-10T19:16:42","date_gmt":"2024-11-10T18:16:42","guid":{"rendered":"https:\/\/tilefly.com\/producto\/drach-green-118x118\/"},"modified":"2024-11-10T19:43:28","modified_gmt":"2024-11-10T18:43:28","slug":"drach-green-118x118","status":"publish","type":"product","link":"https:\/\/tilefly.com\/fr\/produit\/drach-green-118x118\/","title":{"rendered":"DRACH GREEN 11,8X11,8"},"content":{"rendered":"<h2><strong>DRACH VERT 11,8X11,8<\/strong><\/h2><p>Le carrelage Drach Green pr\u00e9sente une nuance de vert vibrante avec un motif circulaire en relief qui ajoute de la texture et de la profondeur. Sa finition brillante met en valeur la couleur et la forme, cr\u00e9ant un effet visuel unique. Id\u00e9al pour les salles de bains, les cuisines et autres espaces recherchant une touche de nature, son format de 11,8 x 11,8 cm permet de cr\u00e9er des motifs dynamiques et sophistiqu\u00e9s, apportant fra\u00eecheur et style.  <\/p>","protected":false},"excerpt":{"rendered":"<p>DRACH VERT 11,8X11,8Le carrelage Drach Green pr\u00e9sente une nuance de vert vibrante avec un motif circulaire en relief qui ajoute de la texture et de la profondeur. Sa finition brillante met en valeur la couleur et la forme, cr\u00e9ant un effet visuel unique. Id\u00e9al pour les salles de bains, les cuisines et autres espaces recherchant [&hellip;]<\/p>\n","protected":false},"featured_media":543023,"comment_status":"open","ping_status":"closed","template":"","meta":[],"product_brand":[],"product_cat":[355,356,354],"product_tag":[],"class_list":{"0":"post-543466","1":"product","2":"type-product","3":"status-publish","4":"has-post-thumbnail","6":"product_cat-cuisines","7":"product_cat-faiences","8":"product_cat-carrelage-salle-de-bain","10":"first","11":"outofstock","12":"shipping-taxable","13":"purchasable","14":"product-type-simple"},"_links":{"self":[{"href":"https:\/\/tilefly.com\/fr\/wp-json\/wp\/v2\/product\/543466","targetHints":{"allow":["GET"]}}],"collection":[{"href":"https:\/\/tilefly.com\/fr\/wp-json\/wp\/v2\/product"}],"about":[{"href":"https:\/\/tilefly.com\/fr\/wp-json\/wp\/v2\/types\/product"}],"replies":[{"embeddable":true,"href":"https:\/\/tilefly.com\/fr\/wp-json\/wp\/v2\/comments?post=543466"}],"wp:featuredmedia":[{"embeddable":true,"href":"https:\/\/tilefly.com\/fr\/wp-json\/wp\/v2\/media\/543023"}],"wp:attachment":[{"href":"https:\/\/tilefly.com\/fr\/wp-json\/wp\/v2\/media?parent=543466"}],"wp:term":[{"taxonomy":"product_brand","embeddable":true,"href":"https:\/\/tilefly.com\/fr\/wp-json\/wp\/v2\/product_brand?post=543466"},{"taxonomy":"product_cat","embeddable":true,"href":"https:\/\/tilefly.com\/fr\/wp-json\/wp\/v2\/product_cat?post=543466"},{"taxonomy":"product_tag","embeddable":true,"href":"https:\/\/tilefly.com\/fr\/wp-json\/wp\/v2\/product_tag?post=543466"}],"curies":[{"name":"wp","href":"https:\/\/api.w.org\/{rel}","templated":true}]}}