{"id":543462,"date":"2024-11-10T19:16:35","date_gmt":"2024-11-10T18:16:35","guid":{"rendered":"https:\/\/tilefly.com\/producto\/drach-grey-118x118\/"},"modified":"2024-11-10T19:43:25","modified_gmt":"2024-11-10T18:43:25","slug":"drach-grey-118x118","status":"publish","type":"product","link":"https:\/\/tilefly.com\/fr\/produit\/drach-grey-118x118\/","title":{"rendered":"DRACH GREY 11,8X11,8"},"content":{"rendered":"<h2><strong>DRACH GRIS 11,8X11,8<\/strong><\/h2><p>Le carrelage Drach Grey en gris pr\u00e9sente un design circulaire en relief, id\u00e9al pour ceux qui recherchent un \u00e9quilibre entre classique et moderne. Sa finition brillante met en valeur la texture du relief et permet \u00e0 la lumi\u00e8re de se refl\u00e9ter en douceur. Mesurant 11,8 x 11,8 cm, il est parfait pour les salles de bains et les cuisines \u00e0 la recherche d&#8217;une touche de sophistication dans une couleur neutre.  <\/p>","protected":false},"excerpt":{"rendered":"<p>DRACH GRIS 11,8X11,8Le carrelage Drach Grey en gris pr\u00e9sente un design circulaire en relief, id\u00e9al pour ceux qui recherchent un \u00e9quilibre entre classique et moderne. Sa finition brillante met en valeur la texture du relief et permet \u00e0 la lumi\u00e8re de se refl\u00e9ter en douceur. Mesurant 11,8 x 11,8 cm, il est parfait pour les [&hellip;]<\/p>\n","protected":false},"featured_media":542997,"comment_status":"open","ping_status":"closed","template":"","meta":[],"product_brand":[],"product_cat":[355,356,354],"product_tag":[],"class_list":{"0":"post-543462","1":"product","2":"type-product","3":"status-publish","4":"has-post-thumbnail","6":"product_cat-cuisines","7":"product_cat-faiences","8":"product_cat-carrelage-salle-de-bain","10":"first","11":"instock","12":"shipping-taxable","13":"purchasable","14":"product-type-simple"},"_links":{"self":[{"href":"https:\/\/tilefly.com\/fr\/wp-json\/wp\/v2\/product\/543462","targetHints":{"allow":["GET"]}}],"collection":[{"href":"https:\/\/tilefly.com\/fr\/wp-json\/wp\/v2\/product"}],"about":[{"href":"https:\/\/tilefly.com\/fr\/wp-json\/wp\/v2\/types\/product"}],"replies":[{"embeddable":true,"href":"https:\/\/tilefly.com\/fr\/wp-json\/wp\/v2\/comments?post=543462"}],"wp:featuredmedia":[{"embeddable":true,"href":"https:\/\/tilefly.com\/fr\/wp-json\/wp\/v2\/media\/542997"}],"wp:attachment":[{"href":"https:\/\/tilefly.com\/fr\/wp-json\/wp\/v2\/media?parent=543462"}],"wp:term":[{"taxonomy":"product_brand","embeddable":true,"href":"https:\/\/tilefly.com\/fr\/wp-json\/wp\/v2\/product_brand?post=543462"},{"taxonomy":"product_cat","embeddable":true,"href":"https:\/\/tilefly.com\/fr\/wp-json\/wp\/v2\/product_cat?post=543462"},{"taxonomy":"product_tag","embeddable":true,"href":"https:\/\/tilefly.com\/fr\/wp-json\/wp\/v2\/product_tag?post=543462"}],"curies":[{"name":"wp","href":"https:\/\/api.w.org\/{rel}","templated":true}]}}