{"id":543457,"date":"2024-11-10T19:16:32","date_gmt":"2024-11-10T18:16:32","guid":{"rendered":"https:\/\/tilefly.com\/producto\/drach-night-118x118\/"},"modified":"2024-11-10T19:43:20","modified_gmt":"2024-11-10T18:43:20","slug":"drach-night-118x118","status":"publish","type":"product","link":"https:\/\/tilefly.com\/fr\/produit\/drach-night-118x118\/","title":{"rendered":"DRACH NIGHT 11,8X11,8"},"content":{"rendered":"<h2><strong>NUIT DE DRACHME 11,8X11,8<\/strong><\/h2><p>Drach Night en noir offre un design circulaire en relief qui se distingue par son \u00e9l\u00e9gance et sa profondeur. La finition brillante de ce carrelage permet au relief d&#8217;accrocher subtilement la lumi\u00e8re, ajoutant ainsi de la sophistication. Id\u00e9ale pour les espaces qui recherchent un style audacieux et contemporain, cette pi\u00e8ce est parfaite pour cr\u00e9er une ambiance \u00e9l\u00e9gante et de caract\u00e8re.  <\/p>","protected":false},"excerpt":{"rendered":"<p>NUIT DE DRACHME 11,8X11,8Drach Night en noir offre un design circulaire en relief qui se distingue par son \u00e9l\u00e9gance et sa profondeur. La finition brillante de ce carrelage permet au relief d&#8217;accrocher subtilement la lumi\u00e8re, ajoutant ainsi de la sophistication. Id\u00e9ale pour les espaces qui recherchent un style audacieux et contemporain, cette pi\u00e8ce est parfaite [&hellip;]<\/p>\n","protected":false},"featured_media":542984,"comment_status":"open","ping_status":"closed","template":"","meta":[],"product_brand":[],"product_cat":[355,356,354],"product_tag":[],"class_list":{"0":"post-543457","1":"product","2":"type-product","3":"status-publish","4":"has-post-thumbnail","6":"product_cat-cuisines","7":"product_cat-faiences","8":"product_cat-carrelage-salle-de-bain","10":"first","11":"outofstock","12":"shipping-taxable","13":"purchasable","14":"product-type-simple"},"_links":{"self":[{"href":"https:\/\/tilefly.com\/fr\/wp-json\/wp\/v2\/product\/543457","targetHints":{"allow":["GET"]}}],"collection":[{"href":"https:\/\/tilefly.com\/fr\/wp-json\/wp\/v2\/product"}],"about":[{"href":"https:\/\/tilefly.com\/fr\/wp-json\/wp\/v2\/types\/product"}],"replies":[{"embeddable":true,"href":"https:\/\/tilefly.com\/fr\/wp-json\/wp\/v2\/comments?post=543457"}],"wp:featuredmedia":[{"embeddable":true,"href":"https:\/\/tilefly.com\/fr\/wp-json\/wp\/v2\/media\/542984"}],"wp:attachment":[{"href":"https:\/\/tilefly.com\/fr\/wp-json\/wp\/v2\/media?parent=543457"}],"wp:term":[{"taxonomy":"product_brand","embeddable":true,"href":"https:\/\/tilefly.com\/fr\/wp-json\/wp\/v2\/product_brand?post=543457"},{"taxonomy":"product_cat","embeddable":true,"href":"https:\/\/tilefly.com\/fr\/wp-json\/wp\/v2\/product_cat?post=543457"},{"taxonomy":"product_tag","embeddable":true,"href":"https:\/\/tilefly.com\/fr\/wp-json\/wp\/v2\/product_tag?post=543457"}],"curies":[{"name":"wp","href":"https:\/\/api.w.org\/{rel}","templated":true}]}}